{"id":130,"date":"2023-11-08T10:06:57","date_gmt":"2023-11-08T13:06:57","guid":{"rendered":"https:\/\/softwareplay.site\/belafloripa\/?page_id=130"},"modified":"2024-01-10T15:39:02","modified_gmt":"2024-01-10T18:39:02","slug":"conheca-floripa","status":"publish","type":"page","link":"https:\/\/belafloripa.com.br\/index.php\/conheca-floripa\/","title":{"rendered":"Conhe\u00e7a Floripa"},"content":{"rendered":"\t\t<div data-elementor-type=\"wp-page\" data-elementor-id=\"130\" class=\"elementor elementor-130\" data-elementor-post-type=\"page\">\n\t\t\t\t\t\t\t\t\t<section class=\"elementor-section elementor-top-section elementor-element elementor-element-3ff30ee6 elementor-section-boxed elementor-section-height-default elementor-section-height-default\" data-id=\"3ff30ee6\" data-element_type=\"section\" data-settings=\"{&quot;background_background&quot;:&quot;classic&quot;}\">\n\t\t\t\t\t\t<div class=\"elementor-container elementor-column-gap-default\">\n\t\t\t\t\t<div class=\"elementor-column elementor-col-100 elementor-top-column elementor-element elementor-element-6bf9d58c\" data-id=\"6bf9d58c\" data-element_type=\"column\">\n\t\t\t<div class=\"elementor-widget-wrap elementor-element-populated\">\n\t\t\t\t\t\t\t\t<div class=\"elementor-element elementor-element-4e17e1a0 elementor-widget elementor-widget-heading\" data-id=\"4e17e1a0\" data-element_type=\"widget\" data-widget_type=\"heading.default\">\n\t\t\t\t<div class=\"elementor-widget-container\">\n\t\t\t<style>\/*! elementor - v3.17.0 - 01-11-2023 *\/\n.elementor-heading-title{padding:0;margin:0;line-height:1}.elementor-widget-heading .elementor-heading-title[class*=elementor-size-]>a{color:inherit;font-size:inherit;line-height:inherit}.elementor-widget-heading .elementor-heading-title.elementor-size-small{font-size:15px}.elementor-widget-heading .elementor-heading-title.elementor-size-medium{font-size:19px}.elementor-widget-heading .elementor-heading-title.elementor-size-large{font-size:29px}.elementor-widget-heading .elementor-heading-title.elementor-size-xl{font-size:39px}.elementor-widget-heading .elementor-heading-title.elementor-size-xxl{font-size:59px}<\/style><h1 class=\"elementor-heading-title elementor-size-default\">Conhe\u00e7a Florian\u00f3polis<\/h1>\t\t<\/div>\n\t\t\t\t<\/div>\n\t\t\t\t\t<\/div>\n\t\t<\/div>\n\t\t\t\t\t\t\t<\/div>\n\t\t<\/section>\n\t\t<div class=\"elementor-element elementor-element-9c28b96 e-flex e-con-boxed e-con e-parent\" data-id=\"9c28b96\" data-element_type=\"container\" data-settings=\"{&quot;container_type&quot;:&quot;flex&quot;,&quot;content_width&quot;:&quot;boxed&quot;}\" data-core-v316-plus=\"true\">\n\t\t\t\t\t<div class=\"e-con-inner\">\n\t\t<div class=\"elementor-element elementor-element-a989df7 e-con-full e-flex e-con e-child\" data-id=\"a989df7\" data-element_type=\"container\" data-settings=\"{&quot;content_width&quot;:&quot;full&quot;,&quot;container_type&quot;:&quot;flex&quot;}\">\n\t\t\t\t<div class=\"elementor-element elementor-element-ba63548 elementor-widget elementor-widget-heading\" data-id=\"ba63548\" data-element_type=\"widget\" data-widget_type=\"heading.default\">\n\t\t\t\t<div class=\"elementor-widget-container\">\n\t\t\t<h2 class=\"elementor-heading-title elementor-size-default\">Descubra Florian\u00f3polis,\numa Ilha encantadora no sul do Brasil<\/h2>\t\t<\/div>\n\t\t\t\t<\/div>\n\t\t\t\t<\/div>\n\t\t<div class=\"elementor-element elementor-element-324f8a0 e-con-full e-flex e-con e-child\" data-id=\"324f8a0\" data-element_type=\"container\" data-settings=\"{&quot;content_width&quot;:&quot;full&quot;,&quot;container_type&quot;:&quot;flex&quot;}\">\n\t\t\t\t<div class=\"elementor-element elementor-element-0533121 elementor-widget elementor-widget-text-editor\" data-id=\"0533121\" data-element_type=\"widget\" data-widget_type=\"text-editor.default\">\n\t\t\t\t<div class=\"elementor-widget-container\">\n\t\t\t<style>\/*! elementor - v3.17.0 - 01-11-2023 *\/\n.elementor-widget-text-editor.elementor-drop-cap-view-stacked .elementor-drop-cap{background-color:#69727d;color:#fff}.elementor-widget-text-editor.elementor-drop-cap-view-framed .elementor-drop-cap{color:#69727d;border:3px solid;background-color:transparent}.elementor-widget-text-editor:not(.elementor-drop-cap-view-default) .elementor-drop-cap{margin-top:8px}.elementor-widget-text-editor:not(.elementor-drop-cap-view-default) .elementor-drop-cap-letter{width:1em;height:1em}.elementor-widget-text-editor .elementor-drop-cap{float:left;text-align:center;line-height:1;font-size:50px}.elementor-widget-text-editor .elementor-drop-cap-letter{display:inline-block}<\/style>\t\t\t\t<p>Bem-vindo(a) a Florian\u00f3polis, a j\u00f3ia do sul do Brasil! Fundada em 23 de mar\u00e7o de 1726 como Nossa Senhora do Desterro e posteriormente renomeada em homenagem a Floriano Peixoto, a cidade \u00e9 um lugar de encanto e magia. Seu t\u00edtulo de &#8216;Ilha da Magia&#8217; n\u00e3o \u00e9 apenas um nome; \u00e9 uma promessa de experi\u00eancias \u00fanicas.<\/p><p>Com cerca de 100 belas praias de areias douradas, Florian\u00f3polis cativa visitantes com sua beleza natural exuberante. Al\u00e9m das praias deslumbrantes, a cidade possui uma rica hist\u00f3ria e cultura vibrante, com influ\u00eancias a\u00e7orianas e ind\u00edgenas que se entrela\u00e7am perfeitamente. Bairros hist\u00f3ricos, museus fascinantes e uma culin\u00e1ria aut\u00eantica esperam por aqueles que desejam explorar o passado e o presente da cidade.<\/p>\t\t\t\t\t\t<\/div>\n\t\t\t\t<\/div>\n\t\t\t\t<\/div>\n\t\t\t\t\t<\/div>\n\t\t\t\t<\/div>\n\t\t<div class=\"elementor-element elementor-element-c841640 e-con-full e-flex e-con e-parent\" data-id=\"c841640\" data-element_type=\"container\" data-settings=\"{&quot;content_width&quot;:&quot;full&quot;,&quot;background_background&quot;:&quot;classic&quot;,&quot;container_type&quot;:&quot;flex&quot;}\" data-core-v316-plus=\"true\">\n\t\t\t\t<div class=\"elementor-element elementor-element-6c76ff8 elementor-widget elementor-widget-image-carousel\" data-id=\"6c76ff8\" data-element_type=\"widget\" data-settings=\"{&quot;slides_to_show&quot;:&quot;4&quot;,&quot;navigation&quot;:&quot;none&quot;,&quot;image_spacing_custom&quot;:{&quot;unit&quot;:&quot;px&quot;,&quot;size&quot;:11,&quot;sizes&quot;:[]},&quot;autoplay&quot;:&quot;yes&quot;,&quot;pause_on_hover&quot;:&quot;yes&quot;,&quot;pause_on_interaction&quot;:&quot;yes&quot;,&quot;autoplay_speed&quot;:5000,&quot;infinite&quot;:&quot;yes&quot;,&quot;speed&quot;:500,&quot;image_spacing_custom_tablet&quot;:{&quot;unit&quot;:&quot;px&quot;,&quot;size&quot;:&quot;&quot;,&quot;sizes&quot;:[]},&quot;image_spacing_custom_mobile&quot;:{&quot;unit&quot;:&quot;px&quot;,&quot;size&quot;:&quot;&quot;,&quot;sizes&quot;:[]}}\" data-widget_type=\"image-carousel.default\">\n\t\t\t\t<div class=\"elementor-widget-container\">\n\t\t\t<style>\/*! elementor - v3.17.0 - 01-11-2023 *\/\n.elementor-widget-image-carousel .swiper,.elementor-widget-image-carousel .swiper-container{position:static}.elementor-widget-image-carousel .swiper-container .swiper-slide figure,.elementor-widget-image-carousel .swiper .swiper-slide figure{line-height:inherit}.elementor-widget-image-carousel .swiper-slide{text-align:center}.elementor-image-carousel-wrapper:not(.swiper-container-initialized):not(.swiper-initialized) .swiper-slide{max-width:calc(100% \/ var(--e-image-carousel-slides-to-show, 3))}<\/style>\t\t<div class=\"elementor-image-carousel-wrapper swiper\" dir=\"ltr\">\n\t\t\t<div class=\"elementor-image-carousel swiper-wrapper\" aria-live=\"off\">\n\t\t\t\t\t\t\t\t<div class=\"swiper-slide\" role=\"group\" aria-roledescription=\"slide\" aria-label=\"1 of 9\"><figure class=\"swiper-slide-inner\"><img decoding=\"async\" class=\"swiper-slide-image\" src=\"https:\/\/belafloripa.com.br\/wp-content\/uploads\/2023\/11\/foto00001-1.png\" alt=\"foto00001\" \/><\/figure><\/div><div class=\"swiper-slide\" role=\"group\" aria-roledescription=\"slide\" aria-label=\"2 of 9\"><figure class=\"swiper-slide-inner\"><img decoding=\"async\" class=\"swiper-slide-image\" src=\"https:\/\/belafloripa.com.br\/wp-content\/uploads\/2023\/11\/foto-001-1.png\" alt=\"foto 001\" \/><\/figure><\/div><div class=\"swiper-slide\" role=\"group\" aria-roledescription=\"slide\" aria-label=\"3 of 9\"><figure class=\"swiper-slide-inner\"><img decoding=\"async\" class=\"swiper-slide-image\" src=\"https:\/\/belafloripa.com.br\/wp-content\/uploads\/2023\/11\/0VduLMERXWWde04m-8.png\" alt=\"0VduLMERXWWde04m-8\" \/><\/figure><\/div><div class=\"swiper-slide\" role=\"group\" aria-roledescription=\"slide\" aria-label=\"4 of 9\"><figure class=\"swiper-slide-inner\"><img decoding=\"async\" class=\"swiper-slide-image\" src=\"https:\/\/belafloripa.com.br\/wp-content\/uploads\/2023\/11\/m6XWmisY7jWnVUcy-4.png\" alt=\"m6XWmisY7jWnVUcy-4\" \/><\/figure><\/div><div class=\"swiper-slide\" role=\"group\" aria-roledescription=\"slide\" aria-label=\"5 of 9\"><figure class=\"swiper-slide-inner\"><img decoding=\"async\" class=\"swiper-slide-image\" src=\"https:\/\/belafloripa.com.br\/wp-content\/uploads\/2023\/11\/foto002-1.png\" alt=\"foto002\" \/><\/figure><\/div><div class=\"swiper-slide\" role=\"group\" aria-roledescription=\"slide\" aria-label=\"6 of 9\"><figure class=\"swiper-slide-inner\"><img decoding=\"async\" class=\"swiper-slide-image\" src=\"https:\/\/belafloripa.com.br\/wp-content\/uploads\/2023\/11\/Eld9wTlNTOqutIdq-22.png\" alt=\"Eld9wTlNTOqutIdq-22\" \/><\/figure><\/div><div class=\"swiper-slide\" role=\"group\" aria-roledescription=\"slide\" aria-label=\"7 of 9\"><figure class=\"swiper-slide-inner\"><img decoding=\"async\" class=\"swiper-slide-image\" src=\"https:\/\/belafloripa.com.br\/wp-content\/uploads\/2023\/11\/foto003-1.png\" alt=\"foto003\" \/><\/figure><\/div><div class=\"swiper-slide\" role=\"group\" aria-roledescription=\"slide\" aria-label=\"8 of 9\"><figure class=\"swiper-slide-inner\"><img decoding=\"async\" class=\"swiper-slide-image\" src=\"https:\/\/belafloripa.com.br\/wp-content\/uploads\/2023\/11\/5wZkAh2GyhltLcVT-10.png\" alt=\"5wZkAh2GyhltLcVT-10\" \/><\/figure><\/div><div class=\"swiper-slide\" role=\"group\" aria-roledescription=\"slide\" aria-label=\"9 of 9\"><figure class=\"swiper-slide-inner\"><img decoding=\"async\" class=\"swiper-slide-image\" src=\"https:\/\/belafloripa.com.br\/wp-content\/uploads\/2023\/11\/SCktnIYeS7U9RH6e-7.png\" alt=\"SCktnIYeS7U9RH6e-7\" \/><\/figure><\/div>\t\t\t<\/div>\n\t\t\t\t\t\t\t\n\t\t\t\t\t\t\t\t\t<\/div>\n\t\t\t\t<\/div>\n\t\t\t\t<\/div>\n\t\t\t\t<\/div>\n\t\t<div class=\"elementor-element elementor-element-2b6d8d1 e-flex e-con-boxed e-con e-parent\" data-id=\"2b6d8d1\" data-element_type=\"container\" data-settings=\"{&quot;container_type&quot;:&quot;flex&quot;,&quot;content_width&quot;:&quot;boxed&quot;}\" data-core-v316-plus=\"true\">\n\t\t\t\t\t<div class=\"e-con-inner\">\n\t\t<div class=\"elementor-element elementor-element-df06a8f e-con-full e-flex e-con e-child\" data-id=\"df06a8f\" data-element_type=\"container\" data-settings=\"{&quot;content_width&quot;:&quot;full&quot;,&quot;container_type&quot;:&quot;flex&quot;}\">\n\t\t\t\t<div class=\"elementor-element elementor-element-3918bfa elementor-widget elementor-widget-text-editor\" data-id=\"3918bfa\" data-element_type=\"widget\" data-widget_type=\"text-editor.default\">\n\t\t\t\t<div class=\"elementor-widget-container\">\n\t\t\t\t\t\t\t<p>Mas a magia de Florian\u00f3polis n\u00e3o se resume apenas as suas lendas, praias e \u00e0 cultura. A cidade \u00e9 um polo de eventos durante todo o ano. Durante o Carnaval, blocos de sujos tomam as ruas, e o famoso Bloco do Berbig\u00e3o do Boca inicia a semana de celebra\u00e7\u00e3o. As escolas de samba desfilam na passarela Nego Quirido, ao lado do Centro de Conven\u00e7\u00f5es &#8211; Centro Sul, no centro da cidade. Outro evento not\u00e1vel \u00e9 o concurso do Pop Gay do Carnaval de Florian\u00f3polis, que re\u00fane milhares de pessoas no cora\u00e7\u00e3o da cidade.<\/p><p>O Mercado P\u00fablico, conhecido como o ponto de encontro da cidade, \u00e9 um local onde boa m\u00fasica e boa comida se encontram, proporcionando uma experi\u00eancia de descontra\u00e7\u00e3o e intera\u00e7\u00e3o. Valorizado como patrim\u00f4nio art\u00edstico, hist\u00f3rico e arquitet\u00f4nico da Ilha de Santa Catarina, o mercado \u00e9 tamb\u00e9m um ponto tur\u00edstico imperd\u00edvel.<\/p>\t\t\t\t\t\t<\/div>\n\t\t\t\t<\/div>\n\t\t\t\t<\/div>\n\t\t<div class=\"elementor-element elementor-element-967664c e-con-full e-flex e-con e-child\" data-id=\"967664c\" data-element_type=\"container\" data-settings=\"{&quot;content_width&quot;:&quot;full&quot;,&quot;container_type&quot;:&quot;flex&quot;}\">\n\t\t\t\t<div class=\"elementor-element elementor-element-6917aaa elementor-widget elementor-widget-image-carousel\" data-id=\"6917aaa\" data-element_type=\"widget\" data-settings=\"{&quot;navigation&quot;:&quot;none&quot;,&quot;image_spacing_custom&quot;:{&quot;unit&quot;:&quot;px&quot;,&quot;size&quot;:13,&quot;sizes&quot;:[]},&quot;autoplay&quot;:&quot;yes&quot;,&quot;pause_on_hover&quot;:&quot;yes&quot;,&quot;pause_on_interaction&quot;:&quot;yes&quot;,&quot;autoplay_speed&quot;:5000,&quot;infinite&quot;:&quot;yes&quot;,&quot;speed&quot;:500,&quot;image_spacing_custom_tablet&quot;:{&quot;unit&quot;:&quot;px&quot;,&quot;size&quot;:&quot;&quot;,&quot;sizes&quot;:[]},&quot;image_spacing_custom_mobile&quot;:{&quot;unit&quot;:&quot;px&quot;,&quot;size&quot;:&quot;&quot;,&quot;sizes&quot;:[]}}\" data-widget_type=\"image-carousel.default\">\n\t\t\t\t<div class=\"elementor-widget-container\">\n\t\t\t\t\t<div class=\"elementor-image-carousel-wrapper swiper\" dir=\"ltr\">\n\t\t\t<div class=\"elementor-image-carousel swiper-wrapper\" aria-live=\"off\">\n\t\t\t\t\t\t\t\t<div class=\"swiper-slide\" role=\"group\" aria-roledescription=\"slide\" aria-label=\"1 of 4\"><figure class=\"swiper-slide-inner\"><img decoding=\"async\" class=\"swiper-slide-image\" src=\"https:\/\/belafloripa.com.br\/wp-content\/uploads\/2023\/11\/d3lBb6YI9CL2sAe2-102.png\" alt=\"d3lBb6YI9CL2sAe2-102\" \/><\/figure><\/div><div class=\"swiper-slide\" role=\"group\" aria-roledescription=\"slide\" aria-label=\"2 of 4\"><figure class=\"swiper-slide-inner\"><img decoding=\"async\" class=\"swiper-slide-image\" src=\"https:\/\/belafloripa.com.br\/wp-content\/uploads\/2023\/11\/ADAxL3Ku4O2r7ZU8-103.png\" alt=\"ADAxL3Ku4O2r7ZU8-103\" \/><\/figure><\/div><div class=\"swiper-slide\" role=\"group\" aria-roledescription=\"slide\" aria-label=\"3 of 4\"><figure class=\"swiper-slide-inner\"><img decoding=\"async\" class=\"swiper-slide-image\" src=\"https:\/\/belafloripa.com.br\/wp-content\/uploads\/2023\/11\/okvS1P9rWRaj5VDy-104.png\" alt=\"okvS1P9rWRaj5VDy-104\" \/><\/figure><\/div><div class=\"swiper-slide\" role=\"group\" aria-roledescription=\"slide\" aria-label=\"4 of 4\"><figure class=\"swiper-slide-inner\"><img decoding=\"async\" class=\"swiper-slide-image\" src=\"https:\/\/belafloripa.com.br\/wp-content\/uploads\/2023\/11\/F6hyBUHEhLWgztQc-105.png\" alt=\"F6hyBUHEhLWgztQc-105\" \/><\/figure><\/div>\t\t\t<\/div>\n\t\t\t\t\t\t\t\n\t\t\t\t\t\t\t\t\t<\/div>\n\t\t\t\t<\/div>\n\t\t\t\t<\/div>\n\t\t\t\t<\/div>\n\t\t\t\t\t<\/div>\n\t\t\t\t<\/div>\n\t\t<div class=\"elementor-element elementor-element-325aeff e-flex e-con-boxed e-con e-parent\" data-id=\"325aeff\" data-element_type=\"container\" data-settings=\"{&quot;container_type&quot;:&quot;flex&quot;,&quot;content_width&quot;:&quot;boxed&quot;}\" data-core-v316-plus=\"true\">\n\t\t\t\t\t<div class=\"e-con-inner\">\n\t\t\t\t<div class=\"elementor-element elementor-element-6f58346 elementor-widget elementor-widget-text-editor\" data-id=\"6f58346\" data-element_type=\"widget\" data-widget_type=\"text-editor.default\">\n\t\t\t\t<div class=\"elementor-widget-container\">\n\t\t\t\t\t\t\t<div class=\"flex-1 overflow-hidden\"><div class=\"react-scroll-to-bottom--css-psroh-79elbk h-full\"><div class=\"react-scroll-to-bottom--css-psroh-1n7m0yu\"><div class=\"flex flex-col text-sm gizmo:pb-9 dark:bg-gray-800 gizmo:dark:bg-transparent\"><div class=\"group w-full text-token-text-primary border-b border-black\/10 gizmo:border-0 dark:border-gray-900\/50 gizmo:dark:border-0 bg-gray-50 gizmo:bg-transparent dark:bg-[#444654] gizmo:dark:bg-transparent\" data-testid=\"conversation-turn-33\"><div class=\"p-4 gizmo:py-2 justify-center text-base md:gap-6 md:py-6 m-auto\"><div class=\"flex flex-1 gap-4 text-base mx-auto md:gap-6 gizmo:gap-3 gizmo:md:px-5 gizmo:lg:px-1 gizmo:xl:px-5 md:max-w-2xl lg:max-w-[38rem] gizmo:md:max-w-3xl gizmo:lg:max-w-[40rem] gizmo:xl:max-w-[48rem] xl:max-w-3xl }\"><div class=\"relative flex w-[calc(100%-50px)] flex-col gizmo:w-full lg:w-[calc(100%-115px)] agent-turn\"><div class=\"flex-col gap-1 md:gap-3\"><div class=\"flex flex-grow flex-col max-w-full gap-3 gizmo:gap-0\"><div class=\"min-h-[20px] flex flex-col items-start gap-3 whitespace-pre-wrap break-words overflow-x-auto\" data-message-author-role=\"assistant\" data-message-id=\"ea7b0d46-af59-434c-8723-ea4c44c47a01\"><div class=\"markdown prose w-full break-words dark:prose-invert light\"><p>Al\u00e9m disso, Florian\u00f3polis \u00e9 um centro tecnol\u00f3gico em ascens\u00e3o. Considerada a melhor cidade para fazer neg\u00f3cios no setor de servi\u00e7os no ranking da Urban System, a cidade abriga mais de 4.000 empreendimentos de tecnologia e inova\u00e7\u00e3o, o que a levou a ser apelidada de &#8220;Vale do Sil\u00edcio da Am\u00e9rica Latina.&#8221;<\/p><p>Em resumo, Florian\u00f3polis oferece uma combina\u00e7\u00e3o \u00fanica de beleza natural, cultura rica, celebra\u00e7\u00f5es vibrantes e uma crescente cena tecnol\u00f3gica. Seja para relaxar nas praias paradis\u00edacas, explorar a hist\u00f3ria e a cultura, participar das festas do Carnaval ou se envolver com a inova\u00e7\u00e3o, Florian\u00f3polis tem algo para todos. Junte-se a n\u00f3s e descubra o encanto desta cidade incr\u00edvel na Ilha da Magia.<\/p><\/div><\/div><\/div><\/div><\/div><\/div><\/div><\/div><\/div><\/div><\/div><\/div><div class=\"w-full pt-2 md:pt-0 border-t md:border-t-0 gizmo:border-t-0 dark:border-white\/20 md:border-transparent md:dark:border-transparent md:pl-2 gizmo:pl-0 gizmo:md:pl-0 md:w-[calc(100%-.5rem)] absolute bottom-0 left-0 md:bg-vert-light-gradient bg-white dark:bg-gray-800 md:!bg-transparent dark:md:bg-vert-dark-gradient\"><form class=\"stretch mx-2 flex flex-row gap-3 last:mb-2 md:mx-4 md:last:mb-6 lg:mx-auto lg:max-w-2xl xl:max-w-3xl\"><div class=\"relative flex h-full flex-1 items-stretch md:flex-col\"><div><div class=\"h-full flex ml-1 md:w-full md:m-auto md:mb-4 gap-0 md:gap-2 justify-center\">\u00a0<\/div><\/div><\/div><\/form><\/div>\t\t\t\t\t\t<\/div>\n\t\t\t\t<\/div>\n\t\t\t\t\t<\/div>\n\t\t\t\t<\/div>\n\t\t\t\t<section class=\"elementor-section elementor-top-section elementor-element elementor-element-de9ad0b elementor-section-boxed elementor-section-height-default elementor-section-height-default\" data-id=\"de9ad0b\" data-element_type=\"section\" data-settings=\"{&quot;background_background&quot;:&quot;classic&quot;}\">\n\t\t\t\t\t\t\t<div class=\"elementor-background-overlay\"><\/div>\n\t\t\t\t\t\t\t<div class=\"elementor-container elementor-column-gap-narrow\">\n\t\t\t\t\t<div class=\"elementor-column elementor-col-100 elementor-top-column elementor-element elementor-element-5d41e28d\" data-id=\"5d41e28d\" data-element_type=\"column\" data-settings=\"{&quot;background_background&quot;:&quot;classic&quot;}\">\n\t\t\t<div class=\"elementor-widget-wrap elementor-element-populated\">\n\t\t\t\t\t<div class=\"elementor-background-overlay\"><\/div>\n\t\t\t\t\t\t\t\t<section class=\"elementor-section elementor-inner-section elementor-element elementor-element-7c8eea01 elementor-section-boxed elementor-section-height-default elementor-section-height-default\" data-id=\"7c8eea01\" data-element_type=\"section\">\n\t\t\t\t\t\t<div class=\"elementor-container elementor-column-gap-default\">\n\t\t\t\t\t<div class=\"elementor-column elementor-col-100 elementor-inner-column elementor-element elementor-element-2811b729\" data-id=\"2811b729\" data-element_type=\"column\">\n\t\t\t<div class=\"elementor-widget-wrap elementor-element-populated\">\n\t\t\t\t\t\t\t\t<div class=\"elementor-element elementor-element-63c8840b elementor-widget elementor-widget-heading\" data-id=\"63c8840b\" data-element_type=\"widget\" data-widget_type=\"heading.default\">\n\t\t\t\t<div class=\"elementor-widget-container\">\n\t\t\t<h2 class=\"elementor-heading-title elementor-size-default\">VEnha conhecer floripa<\/h2>\t\t<\/div>\n\t\t\t\t<\/div>\n\t\t\t\t<div class=\"elementor-element elementor-element-500887b5 elementor-widget elementor-widget-heading\" data-id=\"500887b5\" data-element_type=\"widget\" data-widget_type=\"heading.default\">\n\t\t\t\t<div class=\"elementor-widget-container\">\n\t\t\t<h5 class=\"elementor-heading-title elementor-size-default\">TODAS AS INFORMA\u00c7\u00d5ES INTERESSANTES SOBRE FLORIAN\u00d3POLIS VOC\u00ca ENCONTRA AQUI\n<\/h5>\t\t<\/div>\n\t\t\t\t<\/div>\n\t\t\t\t\t<\/div>\n\t\t<\/div>\n\t\t\t\t\t\t\t<\/div>\n\t\t<\/section>\n\t\t\t\t\t<\/div>\n\t\t<\/div>\n\t\t\t\t\t\t\t<\/div>\n\t\t<\/section>\n\t\t\t\t\t\t\t<\/div>\n\t\t","protected":false},"excerpt":{"rendered":"<p>Conhe\u00e7a Florian\u00f3polis Descubra Florian\u00f3polis, uma Ilha encantadora no sul do Brasil Bem-vindo(a) a Florian\u00f3polis, a j\u00f3ia do sul do Brasil! Fundada em 23 de mar\u00e7o de 1726 como Nossa Senhora do Desterro e posteriormente renomeada em homenagem a Floriano Peixoto, a cidade \u00e9 um lugar de encanto e magia. Seu t\u00edtulo de &#8216;Ilha da Magia&#8217; [&hellip;]<\/p>\n","protected":false},"author":1,"featured_media":0,"parent":0,"menu_order":53,"comment_status":"closed","ping_status":"closed","template":"","meta":{"footnotes":""},"acf":[],"_links":{"self":[{"href":"https:\/\/belafloripa.com.br\/index.php\/wp-json\/wp\/v2\/pages\/130"}],"collection":[{"href":"https:\/\/belafloripa.com.br\/index.php\/wp-json\/wp\/v2\/pages"}],"about":[{"href":"https:\/\/belafloripa.com.br\/index.php\/wp-json\/wp\/v2\/types\/page"}],"author":[{"embeddable":true,"href":"https:\/\/belafloripa.com.br\/index.php\/wp-json\/wp\/v2\/users\/1"}],"replies":[{"embeddable":true,"href":"https:\/\/belafloripa.com.br\/index.php\/wp-json\/wp\/v2\/comments?post=130"}],"version-history":[{"count":58,"href":"https:\/\/belafloripa.com.br\/index.php\/wp-json\/wp\/v2\/pages\/130\/revisions"}],"predecessor-version":[{"id":4933,"href":"https:\/\/belafloripa.com.br\/index.php\/wp-json\/wp\/v2\/pages\/130\/revisions\/4933"}],"wp:attachment":[{"href":"https:\/\/belafloripa.com.br\/index.php\/wp-json\/wp\/v2\/media?parent=130"}],"curies":[{"name":"wp","href":"https:\/\/api.w.org\/{rel}","templated":true}]}}