{"id":1450,"date":"2023-11-23T09:05:44","date_gmt":"2023-11-23T12:05:44","guid":{"rendered":"https:\/\/softwareplay.site\/belafloripa\/?page_id=1450"},"modified":"2024-01-14T21:23:51","modified_gmt":"2024-01-15T00:23:51","slug":"praia-galheta","status":"publish","type":"page","link":"https:\/\/belafloripa.com.br\/index.php\/praia-galheta\/","title":{"rendered":"Praia Galheta"},"content":{"rendered":"\t\t<div data-elementor-type=\"wp-page\" data-elementor-id=\"1450\" class=\"elementor elementor-1450\" data-elementor-post-type=\"page\">\n\t\t\t\t\t\t\t\t\t<section class=\"elementor-section elementor-top-section elementor-element elementor-element-3ff30ee6 elementor-section-boxed elementor-section-height-default elementor-section-height-default\" data-id=\"3ff30ee6\" data-element_type=\"section\" data-settings=\"{&quot;background_background&quot;:&quot;classic&quot;}\">\n\t\t\t\t\t\t\t<div class=\"elementor-background-overlay\"><\/div>\n\t\t\t\t\t\t\t<div class=\"elementor-container elementor-column-gap-default\">\n\t\t\t\t\t<div class=\"elementor-column elementor-col-100 elementor-top-column elementor-element elementor-element-6bf9d58c\" data-id=\"6bf9d58c\" data-element_type=\"column\">\n\t\t\t<div class=\"elementor-widget-wrap elementor-element-populated\">\n\t\t\t\t\t\t\t\t<div class=\"elementor-element elementor-element-4e17e1a0 elementor-widget elementor-widget-heading\" data-id=\"4e17e1a0\" data-element_type=\"widget\" data-widget_type=\"heading.default\">\n\t\t\t\t<div class=\"elementor-widget-container\">\n\t\t\t<style>\/*! elementor - v3.17.0 - 01-11-2023 *\/\n.elementor-heading-title{padding:0;margin:0;line-height:1}.elementor-widget-heading .elementor-heading-title[class*=elementor-size-]>a{color:inherit;font-size:inherit;line-height:inherit}.elementor-widget-heading .elementor-heading-title.elementor-size-small{font-size:15px}.elementor-widget-heading .elementor-heading-title.elementor-size-medium{font-size:19px}.elementor-widget-heading .elementor-heading-title.elementor-size-large{font-size:29px}.elementor-widget-heading .elementor-heading-title.elementor-size-xl{font-size:39px}.elementor-widget-heading .elementor-heading-title.elementor-size-xxl{font-size:59px}<\/style><h1 class=\"elementor-heading-title elementor-size-default\">praia da galheta<\/h1>\t\t<\/div>\n\t\t\t\t<\/div>\n\t\t\t\t\t<\/div>\n\t\t<\/div>\n\t\t\t\t\t\t\t<\/div>\n\t\t<\/section>\n\t\t<div class=\"elementor-element elementor-element-9c28b96 e-flex e-con-boxed e-con e-parent\" data-id=\"9c28b96\" data-element_type=\"container\" data-settings=\"{&quot;container_type&quot;:&quot;flex&quot;,&quot;content_width&quot;:&quot;boxed&quot;}\" data-core-v316-plus=\"true\">\n\t\t\t\t\t<div class=\"e-con-inner\">\n\t\t<div class=\"elementor-element elementor-element-a989df7 e-con-full e-flex e-con e-child\" data-id=\"a989df7\" data-element_type=\"container\" data-settings=\"{&quot;content_width&quot;:&quot;full&quot;,&quot;container_type&quot;:&quot;flex&quot;}\">\n\t\t\t\t<div class=\"elementor-element elementor-element-ba63548 elementor-widget elementor-widget-heading\" data-id=\"ba63548\" data-element_type=\"widget\" data-widget_type=\"heading.default\">\n\t\t\t\t<div class=\"elementor-widget-container\">\n\t\t\t<h2 class=\"elementor-heading-title elementor-size-default\">A Praia da Galheta \u00e9 uma praia de mar aberto localizada ao leste da Ilha, aonde \u00e9 praticado o Nudismo<\/h2>\t\t<\/div>\n\t\t\t\t<\/div>\n\t\t\t\t<\/div>\n\t\t<div class=\"elementor-element elementor-element-324f8a0 e-con-full e-flex e-con e-child\" data-id=\"324f8a0\" data-element_type=\"container\" data-settings=\"{&quot;content_width&quot;:&quot;full&quot;,&quot;container_type&quot;:&quot;flex&quot;}\">\n\t\t\t\t<div class=\"elementor-element elementor-element-0533121 elementor-widget elementor-widget-text-editor\" data-id=\"0533121\" data-element_type=\"widget\" data-widget_type=\"text-editor.default\">\n\t\t\t\t<div class=\"elementor-widget-container\">\n\t\t\t<style>\/*! elementor - v3.17.0 - 01-11-2023 *\/\n.elementor-widget-text-editor.elementor-drop-cap-view-stacked .elementor-drop-cap{background-color:#69727d;color:#fff}.elementor-widget-text-editor.elementor-drop-cap-view-framed .elementor-drop-cap{color:#69727d;border:3px solid;background-color:transparent}.elementor-widget-text-editor:not(.elementor-drop-cap-view-default) .elementor-drop-cap{margin-top:8px}.elementor-widget-text-editor:not(.elementor-drop-cap-view-default) .elementor-drop-cap-letter{width:1em;height:1em}.elementor-widget-text-editor .elementor-drop-cap{float:left;text-align:center;line-height:1;font-size:50px}.elementor-widget-text-editor .elementor-drop-cap-letter{display:inline-block}<\/style>\t\t\t\t<p>A Praia da Galheta \u00e9 uma praia de mar aberto localizada ao leste da Ilha de Santa Catarina, em Florian\u00f3polis, capital do Estado brasileiro de Santa Catarina. \u00c9 uma praia de Naturismo, com nudismo opcional.<\/p><p>A Galheta faz parte do Parque Municipal da Galheta, criado pela Lei Municipal 3455\/90 e regulamentado pelo Decreto 698\/94.[1] Por isso, n\u00e3o tem estrutura tur\u00edstica, mas a vizinha Praia Mole oferece servi\u00e7os de hospedagem, bar, alimenta\u00e7\u00e3o e sanit\u00e1rios.<\/p><p>\u00c9 acess\u00edvel somente por trilhas, de baixo grau de dificuldade, que iniciam na Praia Mole &#8211; da qual \u00e9 separada por um cost\u00e3o de rochas &#8211; ou no canal da Barra da Lagoa, a 15 quil\u00f4metros do Centro de Florian\u00f3polis. Outra trilha \u00e9 a do pecado, numa regi\u00e3o de cost\u00f5es e arbustos perto da praia, famosa por ser usada como ponto para encontros em meio \u00e0 natureza preservada.[2]<\/p><p>\u00a0<\/p>\t\t\t\t\t\t<\/div>\n\t\t\t\t<\/div>\n\t\t\t\t<\/div>\n\t\t\t\t\t<\/div>\n\t\t\t\t<\/div>\n\t\t<div class=\"elementor-element elementor-element-c841640 e-con-full e-flex e-con e-parent\" data-id=\"c841640\" data-element_type=\"container\" data-settings=\"{&quot;content_width&quot;:&quot;full&quot;,&quot;background_background&quot;:&quot;classic&quot;,&quot;container_type&quot;:&quot;flex&quot;}\" data-core-v316-plus=\"true\">\n\t\t\t\t<div class=\"elementor-element elementor-element-6c76ff8 elementor-arrows-position-inside elementor-widget elementor-widget-image-carousel\" data-id=\"6c76ff8\" data-element_type=\"widget\" data-settings=\"{&quot;slides_to_show&quot;:&quot;4&quot;,&quot;navigation&quot;:&quot;arrows&quot;,&quot;image_spacing_custom&quot;:{&quot;unit&quot;:&quot;px&quot;,&quot;size&quot;:11,&quot;sizes&quot;:[]},&quot;autoplay_speed&quot;:1000,&quot;autoplay&quot;:&quot;yes&quot;,&quot;pause_on_hover&quot;:&quot;yes&quot;,&quot;pause_on_interaction&quot;:&quot;yes&quot;,&quot;infinite&quot;:&quot;yes&quot;,&quot;speed&quot;:500,&quot;image_spacing_custom_tablet&quot;:{&quot;unit&quot;:&quot;px&quot;,&quot;size&quot;:&quot;&quot;,&quot;sizes&quot;:[]},&quot;image_spacing_custom_mobile&quot;:{&quot;unit&quot;:&quot;px&quot;,&quot;size&quot;:&quot;&quot;,&quot;sizes&quot;:[]}}\" data-widget_type=\"image-carousel.default\">\n\t\t\t\t<div class=\"elementor-widget-container\">\n\t\t\t<style>\/*! elementor - v3.17.0 - 01-11-2023 *\/\n.elementor-widget-image-carousel .swiper,.elementor-widget-image-carousel .swiper-container{position:static}.elementor-widget-image-carousel .swiper-container .swiper-slide figure,.elementor-widget-image-carousel .swiper .swiper-slide figure{line-height:inherit}.elementor-widget-image-carousel .swiper-slide{text-align:center}.elementor-image-carousel-wrapper:not(.swiper-container-initialized):not(.swiper-initialized) .swiper-slide{max-width:calc(100% \/ var(--e-image-carousel-slides-to-show, 3))}<\/style>\t\t<div class=\"elementor-image-carousel-wrapper swiper\" dir=\"ltr\">\n\t\t\t<div class=\"elementor-image-carousel swiper-wrapper\" aria-live=\"off\">\n\t\t\t\t\t\t\t\t<div class=\"swiper-slide\" role=\"group\" aria-roledescription=\"slide\" aria-label=\"1 of 5\"><figure class=\"swiper-slide-inner\"><img decoding=\"async\" class=\"swiper-slide-image\" src=\"https:\/\/belafloripa.com.br\/wp-content\/uploads\/elementor\/thumbs\/Praia_da_Galheta_Florianopolis_SC_Brasil-qhs1hv39lw78r3qwsg8e6rw72lx8ua10oahq6ihf3s.jpg\" alt=\"Praia_da_Galheta,_Florian\u00f3polis,_SC,_Brasil\" \/><\/figure><\/div><div class=\"swiper-slide\" role=\"group\" aria-roledescription=\"slide\" aria-label=\"2 of 5\"><figure class=\"swiper-slide-inner\"><img decoding=\"async\" class=\"swiper-slide-image\" src=\"https:\/\/belafloripa.com.br\/wp-content\/uploads\/elementor\/thumbs\/Praia-da-Galheta-por-ricardoribas-qhs1hw13sq8j2ppjmyn0r9nnnzsm1z4r0f57nsg0xk.jpg\" alt=\"Praia da Galheta\" \/><\/figure><\/div><div class=\"swiper-slide\" role=\"group\" aria-roledescription=\"slide\" aria-label=\"3 of 5\"><figure class=\"swiper-slide-inner\"><img decoding=\"async\" class=\"swiper-slide-image\" src=\"https:\/\/belafloripa.com.br\/wp-content\/uploads\/elementor\/thumbs\/MzcxMbVNVksvyNKzMEqyNDZLTTJJsjAxi09NT8zN1Dc2szTSL0rNy0tMss1UM7ItBgA-qhs1hu5ff25yfhs9xxtrma4qh81vmkxac5u8p8ita0.jpg\" alt=\"MzcxMbVNVksvyNKzMEqyNDZLTTJJsjAxi09NT8zN1Dc2szTSL0rNy0tMss1UM7ItBgA\" \/><\/figure><\/div><div class=\"swiper-slide\" role=\"group\" aria-roledescription=\"slide\" aria-label=\"4 of 5\"><figure class=\"swiper-slide-inner\"><img decoding=\"async\" class=\"swiper-slide-image\" src=\"https:\/\/belafloripa.com.br\/wp-content\/uploads\/elementor\/thumbs\/praia-da-galheta-florianopolis-por-raquel-affonso-maior-qhs1hv39lw78r3qwsg8e6rw72lx8ua10oahq6ihf3s.jpg\" alt=\"praia-da-galheta-florianopolis-por-raquel-affonso-maior\" \/><\/figure><\/div><div class=\"swiper-slide\" role=\"group\" aria-roledescription=\"slide\" aria-label=\"5 of 5\"><figure class=\"swiper-slide-inner\"><img decoding=\"async\" class=\"swiper-slide-image\" src=\"https:\/\/belafloripa.com.br\/wp-content\/uploads\/elementor\/thumbs\/trilha-em-meio-a-natureza-1-qhs1hv39lw78r3qwsg8e6rw72lx8ua10oahq6ihf3s.jpg\" alt=\"trilha-em-meio-a-natureza\" \/><\/figure><\/div>\t\t\t<\/div>\n\t\t\t\t\t\t\t\t\t\t\t\t<div class=\"elementor-swiper-button elementor-swiper-button-prev\" role=\"button\" tabindex=\"0\">\n\t\t\t\t\t\t<i aria-hidden=\"true\" class=\"eicon-chevron-left\"><\/i>\t\t\t\t\t<\/div>\n\t\t\t\t\t<div class=\"elementor-swiper-button elementor-swiper-button-next\" role=\"button\" tabindex=\"0\">\n\t\t\t\t\t\t<i aria-hidden=\"true\" class=\"eicon-chevron-right\"><\/i>\t\t\t\t\t<\/div>\n\t\t\t\t\n\t\t\t\t\t\t\t\t\t<\/div>\n\t\t\t\t<\/div>\n\t\t\t\t<\/div>\n\t\t\t\t<\/div>\n\t\t<div class=\"elementor-element elementor-element-2b6d8d1 e-flex e-con-boxed e-con e-parent\" data-id=\"2b6d8d1\" data-element_type=\"container\" data-settings=\"{&quot;container_type&quot;:&quot;flex&quot;,&quot;content_width&quot;:&quot;boxed&quot;}\" data-core-v316-plus=\"true\">\n\t\t\t\t\t<div class=\"e-con-inner\">\n\t\t<div class=\"elementor-element elementor-element-df06a8f e-con-full e-flex e-con e-child\" data-id=\"df06a8f\" data-element_type=\"container\" data-settings=\"{&quot;content_width&quot;:&quot;full&quot;,&quot;container_type&quot;:&quot;flex&quot;}\">\n\t\t\t\t<div class=\"elementor-element elementor-element-3918bfa elementor-widget elementor-widget-text-editor\" data-id=\"3918bfa\" data-element_type=\"widget\" data-widget_type=\"text-editor.default\">\n\t\t\t\t<div class=\"elementor-widget-container\">\n\t\t\t\t\t\t\t<p>Naturismo<br \/>O naturismo \u00e9 permitido por lei municipal desde 1997, mas j\u00e1 era praticado h\u00e1 muitos anos. O naturismo \u00e9 permitido, por\u00e9m n\u00e3o exigido e assim atraindo muito mais curiosos do que praticantes ao local. O movimento naturista \u00e9 organizado pela Associa\u00e7\u00e3o Amigos da Galheta, que difunde o naturismo e se destacou na luta pela cria\u00e7\u00e3o e preserva\u00e7\u00e3o do Parque frente aos avan\u00e7os urbanos.<\/p>\t\t\t\t\t\t<\/div>\n\t\t\t\t<\/div>\n\t\t\t\t<\/div>\n\t\t<div class=\"elementor-element elementor-element-967664c e-con-full e-flex e-con e-child\" data-id=\"967664c\" data-element_type=\"container\" data-settings=\"{&quot;content_width&quot;:&quot;full&quot;,&quot;container_type&quot;:&quot;flex&quot;}\">\n\t\t\t\t<div class=\"elementor-element elementor-element-6917aaa elementor-arrows-position-inside elementor-widget elementor-widget-image-carousel\" data-id=\"6917aaa\" data-element_type=\"widget\" data-settings=\"{&quot;navigation&quot;:&quot;arrows&quot;,&quot;image_spacing_custom&quot;:{&quot;unit&quot;:&quot;px&quot;,&quot;size&quot;:13,&quot;sizes&quot;:[]},&quot;image_spacing_custom_mobile&quot;:{&quot;unit&quot;:&quot;px&quot;,&quot;size&quot;:15,&quot;sizes&quot;:[]},&quot;autoplay&quot;:&quot;yes&quot;,&quot;pause_on_hover&quot;:&quot;yes&quot;,&quot;pause_on_interaction&quot;:&quot;yes&quot;,&quot;autoplay_speed&quot;:5000,&quot;infinite&quot;:&quot;yes&quot;,&quot;speed&quot;:500,&quot;image_spacing_custom_tablet&quot;:{&quot;unit&quot;:&quot;px&quot;,&quot;size&quot;:&quot;&quot;,&quot;sizes&quot;:[]}}\" data-widget_type=\"image-carousel.default\">\n\t\t\t\t<div class=\"elementor-widget-container\">\n\t\t\t\t\t<div class=\"elementor-image-carousel-wrapper swiper\" dir=\"ltr\">\n\t\t\t<div class=\"elementor-image-carousel swiper-wrapper\" aria-live=\"off\">\n\t\t\t\t\t\t\t\t<div class=\"swiper-slide\" role=\"group\" aria-roledescription=\"slide\" aria-label=\"1 of 5\"><figure class=\"swiper-slide-inner\"><img decoding=\"async\" class=\"swiper-slide-image\" src=\"https:\/\/belafloripa.com.br\/wp-content\/uploads\/elementor\/thumbs\/Praia_da_Galheta_Florianopolis_SC_Brasil-1-qhs1hu5ff25yfhs9xxtrma4qh81vmkxac5u8p8ita0.jpg\" alt=\"Praia_da_Galheta,_Florian\u00f3polis,_SC,_Brasil\" \/><\/figure><\/div><div class=\"swiper-slide\" role=\"group\" aria-roledescription=\"slide\" aria-label=\"2 of 5\"><figure class=\"swiper-slide-inner\"><img decoding=\"async\" class=\"swiper-slide-image\" src=\"https:\/\/belafloripa.com.br\/wp-content\/uploads\/elementor\/thumbs\/Praia-da-Galheta-por-ricardoribas-1-qhs1hu5ff25yfhs9xxtrma4qh81vmkxac5u8p8ita0.jpg\" alt=\"Praia da Galheta\" \/><\/figure><\/div><div class=\"swiper-slide\" role=\"group\" aria-roledescription=\"slide\" aria-label=\"3 of 5\"><figure class=\"swiper-slide-inner\"><img decoding=\"async\" class=\"swiper-slide-image\" src=\"https:\/\/belafloripa.com.br\/wp-content\/uploads\/elementor\/thumbs\/MzcxMbVNVksvyNKzMEqyNDZLTTJJsjAxi09NT8zN1Dc2szTSL0rNy0tMss1UM7ItBgA-1-qhs1hv39lw78r3qwsg8e6rw72lx8ua10oahq6ihf3s.jpg\" alt=\"MzcxMbVNVksvyNKzMEqyNDZLTTJJsjAxi09NT8zN1Dc2szTSL0rNy0tMss1UM7ItBgA\" \/><\/figure><\/div><div class=\"swiper-slide\" role=\"group\" aria-roledescription=\"slide\" aria-label=\"4 of 5\"><figure class=\"swiper-slide-inner\"><img decoding=\"async\" class=\"swiper-slide-image\" src=\"https:\/\/belafloripa.com.br\/wp-content\/uploads\/elementor\/thumbs\/praia-da-galheta-florianopolis-por-raquel-affonso-maior-1-qhs1hv39lw78r3qwsg8e6rw72lx8ua10oahq6ihf3s.jpg\" alt=\"praia-da-galheta-florianopolis-por-raquel-affonso-maior\" \/><\/figure><\/div><div class=\"swiper-slide\" role=\"group\" aria-roledescription=\"slide\" aria-label=\"5 of 5\"><figure class=\"swiper-slide-inner\"><img decoding=\"async\" class=\"swiper-slide-image\" src=\"https:\/\/belafloripa.com.br\/wp-content\/uploads\/elementor\/thumbs\/trilha-em-meio-a-natureza-2-qhs1hu5ff25yfhs9xxtrma4qh81vmkxac5u8p8ita0.jpg\" alt=\"trilha-em-meio-a-natureza\" \/><\/figure><\/div>\t\t\t<\/div>\n\t\t\t\t\t\t\t\t\t\t\t\t<div class=\"elementor-swiper-button elementor-swiper-button-prev\" role=\"button\" tabindex=\"0\">\n\t\t\t\t\t\t<i aria-hidden=\"true\" class=\"eicon-chevron-left\"><\/i>\t\t\t\t\t<\/div>\n\t\t\t\t\t<div class=\"elementor-swiper-button elementor-swiper-button-next\" role=\"button\" tabindex=\"0\">\n\t\t\t\t\t\t<i aria-hidden=\"true\" class=\"eicon-chevron-right\"><\/i>\t\t\t\t\t<\/div>\n\t\t\t\t\n\t\t\t\t\t\t\t\t\t<\/div>\n\t\t\t\t<\/div>\n\t\t\t\t<\/div>\n\t\t\t\t<\/div>\n\t\t\t\t\t<\/div>\n\t\t\t\t<\/div>\n\t\t<div class=\"elementor-element elementor-element-4d3a789 e-flex e-con-boxed e-con e-parent\" data-id=\"4d3a789\" data-element_type=\"container\" data-settings=\"{&quot;container_type&quot;:&quot;flex&quot;,&quot;content_width&quot;:&quot;boxed&quot;}\" data-core-v316-plus=\"true\">\n\t\t\t\t\t<div class=\"e-con-inner\">\n\t\t\t\t<div class=\"elementor-element elementor-element-28fcb38 elementor-widget elementor-widget-google_maps\" data-id=\"28fcb38\" data-element_type=\"widget\" data-widget_type=\"google_maps.default\">\n\t\t\t\t<div class=\"elementor-widget-container\">\n\t\t\t<style>\/*! elementor - v3.17.0 - 01-11-2023 *\/\n.elementor-widget-google_maps .elementor-widget-container{overflow:hidden}.elementor-widget-google_maps .elementor-custom-embed{line-height:0}.elementor-widget-google_maps iframe{height:300px}<\/style>\t\t<div class=\"elementor-custom-embed\">\n\t\t\t<iframe loading=\"lazy\"\n\t\t\t\t\tsrc=\"https:\/\/maps.google.com\/maps?q=Praia%20Galheta&#038;t=m&#038;z=15&#038;output=embed&#038;iwloc=near\"\n\t\t\t\t\ttitle=\"Praia Galheta\"\n\t\t\t\t\taria-label=\"Praia Galheta\"\n\t\t\t><\/iframe>\n\t\t<\/div>\n\t\t\t\t<\/div>\n\t\t\t\t<\/div>\n\t\t\t\t\t<\/div>\n\t\t\t\t<\/div>\n\t\t\t\t<section class=\"elementor-section elementor-top-section elementor-element elementor-element-de9ad0b elementor-section-boxed elementor-section-height-default elementor-section-height-default\" data-id=\"de9ad0b\" data-element_type=\"section\" data-settings=\"{&quot;background_background&quot;:&quot;classic&quot;}\">\n\t\t\t\t\t\t\t<div class=\"elementor-background-overlay\"><\/div>\n\t\t\t\t\t\t\t<div class=\"elementor-container elementor-column-gap-narrow\">\n\t\t\t\t\t<div class=\"elementor-column elementor-col-100 elementor-top-column elementor-element elementor-element-5d41e28d\" data-id=\"5d41e28d\" data-element_type=\"column\" data-settings=\"{&quot;background_background&quot;:&quot;classic&quot;}\">\n\t\t\t<div class=\"elementor-widget-wrap elementor-element-populated\">\n\t\t\t\t\t<div class=\"elementor-background-overlay\"><\/div>\n\t\t\t\t\t\t\t\t<section class=\"elementor-section elementor-inner-section elementor-element elementor-element-7c8eea01 elementor-section-boxed elementor-section-height-default elementor-section-height-default\" data-id=\"7c8eea01\" data-element_type=\"section\">\n\t\t\t\t\t\t<div class=\"elementor-container elementor-column-gap-default\">\n\t\t\t\t\t<div class=\"elementor-column elementor-col-100 elementor-inner-column elementor-element elementor-element-2811b729\" data-id=\"2811b729\" data-element_type=\"column\">\n\t\t\t<div class=\"elementor-widget-wrap elementor-element-populated\">\n\t\t\t\t\t\t\t\t<div class=\"elementor-element elementor-element-63c8840b elementor-widget elementor-widget-heading\" data-id=\"63c8840b\" data-element_type=\"widget\" data-widget_type=\"heading.default\">\n\t\t\t\t<div class=\"elementor-widget-container\">\n\t\t\t<h2 class=\"elementor-heading-title elementor-size-default\">VEnha conhecer o melhor de floripa<\/h2>\t\t<\/div>\n\t\t\t\t<\/div>\n\t\t\t\t<div class=\"elementor-element elementor-element-500887b5 elementor-widget elementor-widget-heading\" data-id=\"500887b5\" data-element_type=\"widget\" data-widget_type=\"heading.default\">\n\t\t\t\t<div class=\"elementor-widget-container\">\n\t\t\t<h5 class=\"elementor-heading-title elementor-size-default\">TODAS AS INFORMA\u00c7\u00d5ES INTERESSANTES SOBRE FLORIAN\u00d3POLIS VOC\u00ca ENCONTRA AQUI\n<\/h5>\t\t<\/div>\n\t\t\t\t<\/div>\n\t\t\t\t\t<\/div>\n\t\t<\/div>\n\t\t\t\t\t\t\t<\/div>\n\t\t<\/section>\n\t\t\t\t\t<\/div>\n\t\t<\/div>\n\t\t\t\t\t\t\t<\/div>\n\t\t<\/section>\n\t\t\t\t\t\t\t<\/div>\n\t\t","protected":false},"excerpt":{"rendered":"<p>praia da galheta A Praia da Galheta \u00e9 uma praia de mar aberto localizada ao leste da Ilha, aonde \u00e9 praticado o Nudismo A Praia da Galheta \u00e9 uma praia de mar aberto localizada ao leste da Ilha de Santa Catarina, em Florian\u00f3polis, capital do Estado brasileiro de Santa Catarina. \u00c9 uma praia de Naturismo, [&hellip;]<\/p>\n","protected":false},"author":1,"featured_media":0,"parent":0,"menu_order":58,"comment_status":"closed","ping_status":"closed","template":"","meta":{"footnotes":""},"acf":[],"_links":{"self":[{"href":"https:\/\/belafloripa.com.br\/index.php\/wp-json\/wp\/v2\/pages\/1450"}],"collection":[{"href":"https:\/\/belafloripa.com.br\/index.php\/wp-json\/wp\/v2\/pages"}],"about":[{"href":"https:\/\/belafloripa.com.br\/index.php\/wp-json\/wp\/v2\/types\/page"}],"author":[{"embeddable":true,"href":"https:\/\/belafloripa.com.br\/index.php\/wp-json\/wp\/v2\/users\/1"}],"replies":[{"embeddable":true,"href":"https:\/\/belafloripa.com.br\/index.php\/wp-json\/wp\/v2\/comments?post=1450"}],"version-history":[{"count":10,"href":"https:\/\/belafloripa.com.br\/index.php\/wp-json\/wp\/v2\/pages\/1450\/revisions"}],"predecessor-version":[{"id":5184,"href":"https:\/\/belafloripa.com.br\/index.php\/wp-json\/wp\/v2\/pages\/1450\/revisions\/5184"}],"wp:attachment":[{"href":"https:\/\/belafloripa.com.br\/index.php\/wp-json\/wp\/v2\/media?parent=1450"}],"curies":[{"name":"wp","href":"https:\/\/api.w.org\/{rel}","templated":true}]}}