{"id":2001,"date":"2023-11-23T11:33:11","date_gmt":"2023-11-23T14:33:11","guid":{"rendered":"https:\/\/softwareplay.site\/belafloripa\/?page_id=2001"},"modified":"2024-01-15T14:23:15","modified_gmt":"2024-01-15T17:23:15","slug":"museu-de-arte-de-santa-catarina-masc","status":"publish","type":"page","link":"https:\/\/belafloripa.com.br\/index.php\/museu-de-arte-de-santa-catarina-masc\/","title":{"rendered":"Museu de Arte de Santa Catarina \u2013 Masc"},"content":{"rendered":"\t\t<div data-elementor-type=\"wp-page\" data-elementor-id=\"2001\" class=\"elementor elementor-2001\" data-elementor-post-type=\"page\">\n\t\t\t\t\t\t\t\t\t<section class=\"elementor-section elementor-top-section elementor-element elementor-element-3ff30ee6 elementor-section-boxed elementor-section-height-default elementor-section-height-default\" data-id=\"3ff30ee6\" data-element_type=\"section\" data-settings=\"{&quot;background_background&quot;:&quot;classic&quot;}\">\n\t\t\t\t\t\t\t<div class=\"elementor-background-overlay\"><\/div>\n\t\t\t\t\t\t\t<div class=\"elementor-container elementor-column-gap-default\">\n\t\t\t\t\t<div class=\"elementor-column elementor-col-100 elementor-top-column elementor-element elementor-element-6bf9d58c\" data-id=\"6bf9d58c\" data-element_type=\"column\">\n\t\t\t<div class=\"elementor-widget-wrap elementor-element-populated\">\n\t\t\t\t\t\t\t\t\t<\/div>\n\t\t<\/div>\n\t\t\t\t\t\t\t<\/div>\n\t\t<\/section>\n\t\t<div class=\"elementor-element elementor-element-9c28b96 e-flex e-con-boxed e-con e-parent\" data-id=\"9c28b96\" data-element_type=\"container\" data-settings=\"{&quot;container_type&quot;:&quot;flex&quot;,&quot;content_width&quot;:&quot;boxed&quot;}\" data-core-v316-plus=\"true\">\n\t\t\t\t\t<div class=\"e-con-inner\">\n\t\t<div class=\"elementor-element elementor-element-a989df7 e-con-full e-flex e-con e-child\" data-id=\"a989df7\" data-element_type=\"container\" data-settings=\"{&quot;content_width&quot;:&quot;full&quot;,&quot;container_type&quot;:&quot;flex&quot;}\">\n\t\t\t\t<div class=\"elementor-element elementor-element-ba63548 elementor-widget elementor-widget-heading\" data-id=\"ba63548\" data-element_type=\"widget\" data-widget_type=\"heading.default\">\n\t\t\t\t<div class=\"elementor-widget-container\">\n\t\t\t<style>\/*! elementor - v3.17.0 - 01-11-2023 *\/\n.elementor-heading-title{padding:0;margin:0;line-height:1}.elementor-widget-heading .elementor-heading-title[class*=elementor-size-]>a{color:inherit;font-size:inherit;line-height:inherit}.elementor-widget-heading .elementor-heading-title.elementor-size-small{font-size:15px}.elementor-widget-heading .elementor-heading-title.elementor-size-medium{font-size:19px}.elementor-widget-heading .elementor-heading-title.elementor-size-large{font-size:29px}.elementor-widget-heading .elementor-heading-title.elementor-size-xl{font-size:39px}.elementor-widget-heading .elementor-heading-title.elementor-size-xxl{font-size:59px}<\/style><h2 class=\"elementor-heading-title elementor-size-default\">O Masc \u00e9 um dos espa\u00e7os administrados pela Funda\u00e7\u00e3o Catarinense de Cultura (FCC), e fica localizado no (CIC)<\/h2>\t\t<\/div>\n\t\t\t\t<\/div>\n\t\t\t\t<\/div>\n\t\t<div class=\"elementor-element elementor-element-324f8a0 e-con-full e-flex e-con e-child\" data-id=\"324f8a0\" data-element_type=\"container\" data-settings=\"{&quot;content_width&quot;:&quot;full&quot;,&quot;container_type&quot;:&quot;flex&quot;}\">\n\t\t\t\t<div class=\"elementor-element elementor-element-0533121 elementor-widget elementor-widget-text-editor\" data-id=\"0533121\" data-element_type=\"widget\" data-widget_type=\"text-editor.default\">\n\t\t\t\t<div class=\"elementor-widget-container\">\n\t\t\t<style>\/*! elementor - v3.17.0 - 01-11-2023 *\/\n.elementor-widget-text-editor.elementor-drop-cap-view-stacked .elementor-drop-cap{background-color:#69727d;color:#fff}.elementor-widget-text-editor.elementor-drop-cap-view-framed .elementor-drop-cap{color:#69727d;border:3px solid;background-color:transparent}.elementor-widget-text-editor:not(.elementor-drop-cap-view-default) .elementor-drop-cap{margin-top:8px}.elementor-widget-text-editor:not(.elementor-drop-cap-view-default) .elementor-drop-cap-letter{width:1em;height:1em}.elementor-widget-text-editor .elementor-drop-cap{float:left;text-align:center;line-height:1;font-size:50px}.elementor-widget-text-editor .elementor-drop-cap-letter{display:inline-block}<\/style>\t\t\t\t<p>O Masc \u00e9 um dos espa\u00e7os administrados pela Funda\u00e7\u00e3o Catarinense de Cultura (FCC). Foi criado em 18 de mar\u00e7o de 1949 com o nome de Museu de Arte Moderna de Florian\u00f3polis. Est\u00e1 localizado no Centro Integrado de Cultura (CIC), em Florian\u00f3polis, desde 1983. Em 1970, o espa\u00e7o que era municipal, passou a ser estadual e ganhou o nome que permanece at\u00e9 hoje: Museu de Arte de Santa Catarina.<\/p><p>\u00a0<\/p><p>A forma\u00e7\u00e3o do acervo do Masc teve in\u00edcio com a Exposi\u00e7\u00e3o de Arte Contempor\u00e2nea, trazida a Florian\u00f3polis em 1948 pelo escritor carioca Marques Rebelo. A mostra foi apresentada no Grupo Escolar Modelo Dias Velho, hoje Escola B\u00e1sica Antonieta de Barros, no centro da cidade. Na oportunidade foram feitas importantes doa\u00e7\u00f5es de obras por parte do pr\u00f3prio escritor, de artistas participantes, al\u00e9m de aquisi\u00e7\u00f5es oficiais.<\/p><p>A inten\u00e7\u00e3o do idealizador era que a exposi\u00e7\u00e3o resultasse na cria\u00e7\u00e3o de um museu, e juntamente com o apoio de um grupo de intelectuais de Florian\u00f3polis, conhecido por Grupo Sul, essa inten\u00e7\u00e3o deu certo: em 18 de mar\u00e7o de 1949, atrav\u00e9s de Decreto Estadual, foi criado o ent\u00e3o Museu de Arte Moderna de Florian\u00f3polis.<\/p>\t\t\t\t\t\t<\/div>\n\t\t\t\t<\/div>\n\t\t\t\t<\/div>\n\t\t\t\t\t<\/div>\n\t\t\t\t<\/div>\n\t\t<div class=\"elementor-element elementor-element-c841640 e-con-full e-flex e-con e-parent\" data-id=\"c841640\" data-element_type=\"container\" data-settings=\"{&quot;content_width&quot;:&quot;full&quot;,&quot;background_background&quot;:&quot;classic&quot;,&quot;container_type&quot;:&quot;flex&quot;}\" data-core-v316-plus=\"true\">\n\t\t\t\t<div class=\"elementor-element elementor-element-6c76ff8 elementor-arrows-position-inside elementor-widget elementor-widget-image-carousel\" data-id=\"6c76ff8\" data-element_type=\"widget\" data-settings=\"{&quot;slides_to_show&quot;:&quot;4&quot;,&quot;navigation&quot;:&quot;arrows&quot;,&quot;image_spacing_custom&quot;:{&quot;unit&quot;:&quot;px&quot;,&quot;size&quot;:11,&quot;sizes&quot;:[]},&quot;autoplay_speed&quot;:1000,&quot;autoplay&quot;:&quot;yes&quot;,&quot;pause_on_hover&quot;:&quot;yes&quot;,&quot;pause_on_interaction&quot;:&quot;yes&quot;,&quot;infinite&quot;:&quot;yes&quot;,&quot;speed&quot;:500,&quot;image_spacing_custom_tablet&quot;:{&quot;unit&quot;:&quot;px&quot;,&quot;size&quot;:&quot;&quot;,&quot;sizes&quot;:[]},&quot;image_spacing_custom_mobile&quot;:{&quot;unit&quot;:&quot;px&quot;,&quot;size&quot;:&quot;&quot;,&quot;sizes&quot;:[]}}\" data-widget_type=\"image-carousel.default\">\n\t\t\t\t<div class=\"elementor-widget-container\">\n\t\t\t<style>\/*! elementor - v3.17.0 - 01-11-2023 *\/\n.elementor-widget-image-carousel .swiper,.elementor-widget-image-carousel .swiper-container{position:static}.elementor-widget-image-carousel .swiper-container .swiper-slide figure,.elementor-widget-image-carousel .swiper .swiper-slide figure{line-height:inherit}.elementor-widget-image-carousel .swiper-slide{text-align:center}.elementor-image-carousel-wrapper:not(.swiper-container-initialized):not(.swiper-initialized) .swiper-slide{max-width:calc(100% \/ var(--e-image-carousel-slides-to-show, 3))}<\/style>\t\t<div class=\"elementor-image-carousel-wrapper swiper\" dir=\"ltr\">\n\t\t\t<div class=\"elementor-image-carousel swiper-wrapper\" aria-live=\"off\">\n\t\t\t\t\t\t\t\t<div class=\"swiper-slide\" role=\"group\" aria-roledescription=\"slide\" aria-label=\"1 of 4\"><figure class=\"swiper-slide-inner\"><img decoding=\"async\" class=\"swiper-slide-image\" src=\"https:\/\/belafloripa.com.br\/wp-content\/uploads\/elementor\/thumbs\/masc-qhs1hv39lw78r3qwsg8e6rw72lx8ua10oahq6ihf3s.jpg\" alt=\"masc\" \/><\/figure><\/div><div class=\"swiper-slide\" role=\"group\" aria-roledescription=\"slide\" aria-label=\"2 of 4\"><figure class=\"swiper-slide-inner\"><img decoding=\"async\" class=\"swiper-slide-image\" src=\"https:\/\/belafloripa.com.br\/wp-content\/uploads\/elementor\/thumbs\/e3FnFEV5-qhs1hw13sq8j2ppjmyn0r9nnnzsm1z4r0f57nsg0xk.jpg\" alt=\"e3FnFEV5\" \/><\/figure><\/div><div class=\"swiper-slide\" role=\"group\" aria-roledescription=\"slide\" aria-label=\"3 of 4\"><figure class=\"swiper-slide-inner\"><img decoding=\"async\" class=\"swiper-slide-image\" src=\"https:\/\/belafloripa.com.br\/wp-content\/uploads\/elementor\/thumbs\/MAT_13544221022013_MASC_MHM_0127-qhs1hv39lw78r3qwsg8e6rw72lx8ua10oahq6ihf3s.jpg\" alt=\"MAT_13544221022013_MASC_MHM_0127\" \/><\/figure><\/div><div class=\"swiper-slide\" role=\"group\" aria-roledescription=\"slide\" aria-label=\"4 of 4\"><figure class=\"swiper-slide-inner\"><img decoding=\"async\" class=\"swiper-slide-image\" src=\"https:\/\/belafloripa.com.br\/wp-content\/uploads\/elementor\/thumbs\/download-2-qhs1hv39lw78r3qwsg8e6rw72lx8ua10oahq6ihf3s.jpeg\" alt=\"download (2)\" \/><\/figure><\/div>\t\t\t<\/div>\n\t\t\t\t\t\t\t\t\t\t\t\t<div class=\"elementor-swiper-button elementor-swiper-button-prev\" role=\"button\" tabindex=\"0\">\n\t\t\t\t\t\t<i aria-hidden=\"true\" class=\"eicon-chevron-left\"><\/i>\t\t\t\t\t<\/div>\n\t\t\t\t\t<div class=\"elementor-swiper-button elementor-swiper-button-next\" role=\"button\" tabindex=\"0\">\n\t\t\t\t\t\t<i aria-hidden=\"true\" class=\"eicon-chevron-right\"><\/i>\t\t\t\t\t<\/div>\n\t\t\t\t\n\t\t\t\t\t\t\t\t\t<\/div>\n\t\t\t\t<\/div>\n\t\t\t\t<\/div>\n\t\t\t\t<\/div>\n\t\t<div class=\"elementor-element elementor-element-2b6d8d1 e-flex e-con-boxed e-con e-parent\" data-id=\"2b6d8d1\" data-element_type=\"container\" data-settings=\"{&quot;container_type&quot;:&quot;flex&quot;,&quot;content_width&quot;:&quot;boxed&quot;}\" data-core-v316-plus=\"true\">\n\t\t\t\t\t<div class=\"e-con-inner\">\n\t\t<div class=\"elementor-element elementor-element-df06a8f e-con-full e-flex e-con e-child\" data-id=\"df06a8f\" data-element_type=\"container\" data-settings=\"{&quot;content_width&quot;:&quot;full&quot;,&quot;container_type&quot;:&quot;flex&quot;}\">\n\t\t\t\t<div class=\"elementor-element elementor-element-3918bfa elementor-widget elementor-widget-text-editor\" data-id=\"3918bfa\" data-element_type=\"widget\" data-widget_type=\"text-editor.default\">\n\t\t\t\t<div class=\"elementor-widget-container\">\n\t\t\t\t\t\t\t<p>O acervo do Museu de Arte de Santa Catarina \u2013 MASC, dispon\u00edvel para pesquisas online. As obras podem ser encontradas atrav\u00e9s de diversos crit\u00e9rios de busca, como nome do artista, nome da obra, t\u00e9cnica art\u00edstica, etc&#8230; As imagens s\u00e3o de uso livre para pesquisas acad\u00eamicas e uso n\u00e3o comercial. boa visita!<\/p><p><blockquote class=\"wp-embedded-content\" data-secret=\"31AOZqFEBo\"><a href=\"https:\/\/aplicacoes.fcc.sc.gov.br\/wpmasc\/\">Acervo<\/a><\/blockquote><iframe class=\"wp-embedded-content\" sandbox=\"allow-scripts\" security=\"restricted\" style=\"position: absolute; clip: rect(1px, 1px, 1px, 1px);\" title=\"&#8220;Acervo&#8221; &#8212; MASC\" src=\"https:\/\/aplicacoes.fcc.sc.gov.br\/wpmasc\/embed\/#?secret=9fbx1SPYw8#?secret=31AOZqFEBo\" data-secret=\"31AOZqFEBo\" width=\"600\" height=\"338\" frameborder=\"0\" marginwidth=\"0\" marginheight=\"0\" scrolling=\"no\"><\/iframe><\/p>\t\t\t\t\t\t<\/div>\n\t\t\t\t<\/div>\n\t\t\t\t<\/div>\n\t\t<div class=\"elementor-element elementor-element-967664c e-con-full e-flex e-con e-child\" data-id=\"967664c\" data-element_type=\"container\" data-settings=\"{&quot;content_width&quot;:&quot;full&quot;,&quot;container_type&quot;:&quot;flex&quot;}\">\n\t\t\t\t<div class=\"elementor-element elementor-element-6917aaa elementor-arrows-position-inside elementor-widget elementor-widget-image-carousel\" data-id=\"6917aaa\" data-element_type=\"widget\" data-settings=\"{&quot;navigation&quot;:&quot;arrows&quot;,&quot;image_spacing_custom&quot;:{&quot;unit&quot;:&quot;px&quot;,&quot;size&quot;:13,&quot;sizes&quot;:[]},&quot;image_spacing_custom_mobile&quot;:{&quot;unit&quot;:&quot;px&quot;,&quot;size&quot;:15,&quot;sizes&quot;:[]},&quot;autoplay&quot;:&quot;yes&quot;,&quot;pause_on_hover&quot;:&quot;yes&quot;,&quot;pause_on_interaction&quot;:&quot;yes&quot;,&quot;autoplay_speed&quot;:5000,&quot;infinite&quot;:&quot;yes&quot;,&quot;speed&quot;:500,&quot;image_spacing_custom_tablet&quot;:{&quot;unit&quot;:&quot;px&quot;,&quot;size&quot;:&quot;&quot;,&quot;sizes&quot;:[]}}\" data-widget_type=\"image-carousel.default\">\n\t\t\t\t<div class=\"elementor-widget-container\">\n\t\t\t\t\t<div class=\"elementor-image-carousel-wrapper swiper\" dir=\"ltr\">\n\t\t\t<div class=\"elementor-image-carousel swiper-wrapper\" aria-live=\"off\">\n\t\t\t\t\t\t\t\t<div class=\"swiper-slide\" role=\"group\" aria-roledescription=\"slide\" aria-label=\"1 of 4\"><figure class=\"swiper-slide-inner\"><img decoding=\"async\" class=\"swiper-slide-image\" src=\"https:\/\/belafloripa.com.br\/wp-content\/uploads\/elementor\/thumbs\/masc-1-qhs1hv39lw78r3qwsg8e6rw72lx8ua10oahq6ihf3s.jpg\" alt=\"masc\" \/><\/figure><\/div><div class=\"swiper-slide\" role=\"group\" aria-roledescription=\"slide\" aria-label=\"2 of 4\"><figure class=\"swiper-slide-inner\"><img decoding=\"async\" class=\"swiper-slide-image\" src=\"https:\/\/belafloripa.com.br\/wp-content\/uploads\/elementor\/thumbs\/e3FnFEV5-1-qhs1hv39lw78r3qwsg8e6rw72lx8ua10oahq6ihf3s.jpg\" alt=\"e3FnFEV5\" \/><\/figure><\/div><div class=\"swiper-slide\" role=\"group\" aria-roledescription=\"slide\" aria-label=\"3 of 4\"><figure class=\"swiper-slide-inner\"><img decoding=\"async\" class=\"swiper-slide-image\" src=\"https:\/\/belafloripa.com.br\/wp-content\/uploads\/elementor\/thumbs\/MAT_13544221022013_MASC_MHM_0127-1-qhs1hu5ff25yfhs9xxtrma4qh81vmkxac5u8p8ita0.jpg\" alt=\"MAT_13544221022013_MASC_MHM_0127\" \/><\/figure><\/div><div class=\"swiper-slide\" role=\"group\" aria-roledescription=\"slide\" aria-label=\"4 of 4\"><figure class=\"swiper-slide-inner\"><img decoding=\"async\" class=\"swiper-slide-image\" src=\"https:\/\/belafloripa.com.br\/wp-content\/uploads\/elementor\/thumbs\/download-2-1-qhs1hv39lw78r3qwsg8e6rw72lx8ua10oahq6ihf3s.jpeg\" alt=\"download (2)\" \/><\/figure><\/div>\t\t\t<\/div>\n\t\t\t\t\t\t\t\t\t\t\t\t<div class=\"elementor-swiper-button elementor-swiper-button-prev\" role=\"button\" tabindex=\"0\">\n\t\t\t\t\t\t<i aria-hidden=\"true\" class=\"eicon-chevron-left\"><\/i>\t\t\t\t\t<\/div>\n\t\t\t\t\t<div class=\"elementor-swiper-button elementor-swiper-button-next\" role=\"button\" tabindex=\"0\">\n\t\t\t\t\t\t<i aria-hidden=\"true\" class=\"eicon-chevron-right\"><\/i>\t\t\t\t\t<\/div>\n\t\t\t\t\n\t\t\t\t\t\t\t\t\t<\/div>\n\t\t\t\t<\/div>\n\t\t\t\t<\/div>\n\t\t\t\t<\/div>\n\t\t\t\t\t<\/div>\n\t\t\t\t<\/div>\n\t\t<div class=\"elementor-element elementor-element-4d3a789 e-flex e-con-boxed e-con e-parent\" data-id=\"4d3a789\" data-element_type=\"container\" data-settings=\"{&quot;container_type&quot;:&quot;flex&quot;,&quot;content_width&quot;:&quot;boxed&quot;}\" data-core-v316-plus=\"true\">\n\t\t\t\t\t<div class=\"e-con-inner\">\n\t\t\t\t<div class=\"elementor-element elementor-element-28fcb38 elementor-widget elementor-widget-google_maps\" data-id=\"28fcb38\" data-element_type=\"widget\" data-widget_type=\"google_maps.default\">\n\t\t\t\t<div class=\"elementor-widget-container\">\n\t\t\t<style>\/*! elementor - v3.17.0 - 01-11-2023 *\/\n.elementor-widget-google_maps .elementor-widget-container{overflow:hidden}.elementor-widget-google_maps .elementor-custom-embed{line-height:0}.elementor-widget-google_maps iframe{height:300px}<\/style>\t\t<div class=\"elementor-custom-embed\">\n\t\t\t<iframe loading=\"lazy\"\n\t\t\t\t\tsrc=\"https:\/\/maps.google.com\/maps?q=Museu%20de%20Arte%20de%20Santa%20Catarina%20%E2%80%93%20Masc&#038;t=m&#038;z=15&#038;output=embed&#038;iwloc=near\"\n\t\t\t\t\ttitle=\"Museu de Arte de Santa Catarina \u2013 Masc\"\n\t\t\t\t\taria-label=\"Museu de Arte de Santa Catarina \u2013 Masc\"\n\t\t\t><\/iframe>\n\t\t<\/div>\n\t\t\t\t<\/div>\n\t\t\t\t<\/div>\n\t\t\t\t\t<\/div>\n\t\t\t\t<\/div>\n\t\t\t\t<section class=\"elementor-section elementor-top-section elementor-element elementor-element-de9ad0b elementor-section-boxed elementor-section-height-default elementor-section-height-default\" data-id=\"de9ad0b\" data-element_type=\"section\" data-settings=\"{&quot;background_background&quot;:&quot;classic&quot;}\">\n\t\t\t\t\t\t\t<div class=\"elementor-background-overlay\"><\/div>\n\t\t\t\t\t\t\t<div class=\"elementor-container elementor-column-gap-narrow\">\n\t\t\t\t\t<div class=\"elementor-column elementor-col-100 elementor-top-column elementor-element elementor-element-5d41e28d\" data-id=\"5d41e28d\" data-element_type=\"column\" data-settings=\"{&quot;background_background&quot;:&quot;classic&quot;}\">\n\t\t\t<div class=\"elementor-widget-wrap elementor-element-populated\">\n\t\t\t\t\t<div class=\"elementor-background-overlay\"><\/div>\n\t\t\t\t\t\t\t\t<section class=\"elementor-section elementor-inner-section elementor-element elementor-element-7c8eea01 elementor-section-boxed elementor-section-height-default elementor-section-height-default\" data-id=\"7c8eea01\" data-element_type=\"section\">\n\t\t\t\t\t\t<div class=\"elementor-container elementor-column-gap-default\">\n\t\t\t\t\t<div class=\"elementor-column elementor-col-100 elementor-inner-column elementor-element elementor-element-2811b729\" data-id=\"2811b729\" data-element_type=\"column\">\n\t\t\t<div class=\"elementor-widget-wrap elementor-element-populated\">\n\t\t\t\t\t\t\t\t<div class=\"elementor-element elementor-element-63c8840b elementor-widget elementor-widget-heading\" data-id=\"63c8840b\" data-element_type=\"widget\" data-widget_type=\"heading.default\">\n\t\t\t\t<div class=\"elementor-widget-container\">\n\t\t\t<h2 class=\"elementor-heading-title elementor-size-default\">VEnha conhecer o melhor de floripa<\/h2>\t\t<\/div>\n\t\t\t\t<\/div>\n\t\t\t\t<div class=\"elementor-element elementor-element-500887b5 elementor-widget elementor-widget-heading\" data-id=\"500887b5\" data-element_type=\"widget\" data-widget_type=\"heading.default\">\n\t\t\t\t<div class=\"elementor-widget-container\">\n\t\t\t<h5 class=\"elementor-heading-title elementor-size-default\">TODAS AS INFORMA\u00c7\u00d5ES INTERESSANTES SOBRE FLORIAN\u00d3POLIS VOC\u00ca ENCONTRA AQUI\n<\/h5>\t\t<\/div>\n\t\t\t\t<\/div>\n\t\t\t\t\t<\/div>\n\t\t<\/div>\n\t\t\t\t\t\t\t<\/div>\n\t\t<\/section>\n\t\t\t\t\t<\/div>\n\t\t<\/div>\n\t\t\t\t\t\t\t<\/div>\n\t\t<\/section>\n\t\t\t\t\t\t\t<\/div>\n\t\t","protected":false},"excerpt":{"rendered":"<p>O Masc \u00e9 um dos espa\u00e7os administrados pela Funda\u00e7\u00e3o Catarinense de Cultura (FCC), e fica localizado no (CIC) O Masc \u00e9 um dos espa\u00e7os administrados pela Funda\u00e7\u00e3o Catarinense de Cultura (FCC). Foi criado em 18 de mar\u00e7o de 1949 com o nome de Museu de Arte Moderna de Florian\u00f3polis. Est\u00e1 localizado no Centro Integrado de [&hellip;]<\/p>\n","protected":false},"author":1,"featured_media":0,"parent":0,"menu_order":10,"comment_status":"closed","ping_status":"closed","template":"","meta":{"footnotes":""},"acf":[],"_links":{"self":[{"href":"https:\/\/belafloripa.com.br\/index.php\/wp-json\/wp\/v2\/pages\/2001"}],"collection":[{"href":"https:\/\/belafloripa.com.br\/index.php\/wp-json\/wp\/v2\/pages"}],"about":[{"href":"https:\/\/belafloripa.com.br\/index.php\/wp-json\/wp\/v2\/types\/page"}],"author":[{"embeddable":true,"href":"https:\/\/belafloripa.com.br\/index.php\/wp-json\/wp\/v2\/users\/1"}],"replies":[{"embeddable":true,"href":"https:\/\/belafloripa.com.br\/index.php\/wp-json\/wp\/v2\/comments?post=2001"}],"version-history":[{"count":25,"href":"https:\/\/belafloripa.com.br\/index.php\/wp-json\/wp\/v2\/pages\/2001\/revisions"}],"predecessor-version":[{"id":5293,"href":"https:\/\/belafloripa.com.br\/index.php\/wp-json\/wp\/v2\/pages\/2001\/revisions\/5293"}],"wp:attachment":[{"href":"https:\/\/belafloripa.com.br\/index.php\/wp-json\/wp\/v2\/media?parent=2001"}],"curies":[{"name":"wp","href":"https:\/\/api.w.org\/{rel}","templated":true}]}}