{"id":3363,"date":"2023-12-07T19:57:44","date_gmt":"2023-12-07T22:57:44","guid":{"rendered":"https:\/\/softwareplay.site\/belafloripa\/?page_id=3363"},"modified":"2023-12-10T10:20:51","modified_gmt":"2023-12-10T13:20:51","slug":"telefones-uteis","status":"publish","type":"page","link":"https:\/\/belafloripa.com.br\/index.php\/telefones-uteis\/","title":{"rendered":"Telefones \u00fateis"},"content":{"rendered":"\t\t<div data-elementor-type=\"wp-page\" data-elementor-id=\"3363\" class=\"elementor elementor-3363\" data-elementor-post-type=\"page\">\n\t\t\t\t\t\t\t<div class=\"elementor-element elementor-element-36ff63a e-flex e-con-boxed e-con e-parent\" data-id=\"36ff63a\" data-element_type=\"container\" data-settings=\"{&quot;container_type&quot;:&quot;flex&quot;,&quot;content_width&quot;:&quot;boxed&quot;}\" data-core-v316-plus=\"true\">\n\t\t\t\t\t<div class=\"e-con-inner\">\n\t\t\t\t<div class=\"elementor-element elementor-element-fb2d802 elementor-position-left elementor-mobile-position-left elementor-view-default elementor-vertical-align-top elementor-widget elementor-widget-icon-box\" data-id=\"fb2d802\" data-element_type=\"widget\" data-widget_type=\"icon-box.default\">\n\t\t\t\t<div class=\"elementor-widget-container\">\n\t\t\t<link rel=\"stylesheet\" href=\"https:\/\/belafloripa.com.br\/wp-content\/plugins\/elementor\/assets\/css\/widget-icon-box.min.css\">\t\t<div class=\"elementor-icon-box-wrapper\">\n\t\t\t\t\t\t<div class=\"elementor-icon-box-icon\">\n\t\t\t\t<span  class=\"elementor-icon elementor-animation-\">\n\t\t\t\t<i aria-hidden=\"true\" class=\"fas fa-phone-square-alt\"><\/i>\t\t\t\t<\/span>\n\t\t\t<\/div>\n\t\t\t\t\t\t<div class=\"elementor-icon-box-content\">\n\t\t\t\t<h3 class=\"elementor-icon-box-title\">\n\t\t\t\t\t<span  >\n\t\t\t\t\t\tTelefones \u00fateis\t\t\t\t\t<\/span>\n\t\t\t\t<\/h3>\n\t\t\t\t\t\t\t<\/div>\n\t\t<\/div>\n\t\t\t\t<\/div>\n\t\t\t\t<\/div>\n\t\t\t\t<div class=\"elementor-element elementor-element-05ac831 elementor-widget elementor-widget-text-editor\" data-id=\"05ac831\" data-element_type=\"widget\" data-widget_type=\"text-editor.default\">\n\t\t\t\t<div class=\"elementor-widget-container\">\n\t\t\t<style>\/*! elementor - v3.17.0 - 01-11-2023 *\/\n.elementor-widget-text-editor.elementor-drop-cap-view-stacked .elementor-drop-cap{background-color:#69727d;color:#fff}.elementor-widget-text-editor.elementor-drop-cap-view-framed .elementor-drop-cap{color:#69727d;border:3px solid;background-color:transparent}.elementor-widget-text-editor:not(.elementor-drop-cap-view-default) .elementor-drop-cap{margin-top:8px}.elementor-widget-text-editor:not(.elementor-drop-cap-view-default) .elementor-drop-cap-letter{width:1em;height:1em}.elementor-widget-text-editor .elementor-drop-cap{float:left;text-align:center;line-height:1;font-size:50px}.elementor-widget-text-editor .elementor-drop-cap-letter{display:inline-block}<\/style>\t\t\t\t<p><b>Bombeiros \u2013\u00a0<\/b><a href=\"tel:193\">193<\/a><\/p><p><b>Defesa Civil \u2013\u00a0<\/b><a href=\"tel:193\">199<\/a><\/p><p><strong>Pol\u00edcia Civil \u2013 <\/strong><a href=\"tel:197\">197<\/a><\/p><p><strong>Pol\u00edcia Militar \u2013\u00a0<\/strong><a href=\"tel:190\">190<\/a><\/p><p><strong>Pol\u00edcia Rodovi\u00e1ria Federal \u2013 <\/strong><a href=\"tel:191\">191<\/a><\/p><p><strong>PROCON \u2013\u00a0<\/strong><a href=\"tel:048-3131-5320\">(48) 3131-5320<\/a><\/p><p><strong>SAMU (Emerg\u00eancias M\u00e9dicas)<\/strong>\u00a0<strong>\u2013\u00a0<\/strong><a href=\"tel:192\">192<\/a><\/p><p><strong>Rodovi\u00e1ria Rita Maria<\/strong>\u00a0<strong>\u2013 <\/strong><a href=\"tel:4832123100\">(48) 3212-3100<\/a><\/p><p><strong>Delegacia de prote\u00e7\u00e3o ao Turista<\/strong>\u00a0<strong>\u2013 <\/strong><a href=\"tel:4836655723\">(48) 3665-5723<\/a><\/p><p><strong>Informa\u00e7\u00f5es Tur\u00edsticas<\/strong>\u00a0<strong>\u2013 <\/strong><a href=\"tel:4832404407\">(48) 3240-4407<\/a><\/p>\t\t\t\t\t\t<\/div>\n\t\t\t\t<\/div>\n\t\t\t\t\t<\/div>\n\t\t\t\t<\/div>\n\t\t\t\t\t\t\t<\/div>\n\t\t","protected":false},"excerpt":{"rendered":"<p>Telefones \u00fateis Bombeiros \u2013\u00a0193 Defesa Civil \u2013\u00a0199 Pol\u00edcia Civil \u2013 197 Pol\u00edcia Militar \u2013\u00a0190 Pol\u00edcia Rodovi\u00e1ria Federal \u2013 191 PROCON \u2013\u00a0(48) 3131-5320 SAMU (Emerg\u00eancias M\u00e9dicas)\u00a0\u2013\u00a0192 Rodovi\u00e1ria Rita Maria\u00a0\u2013 (48) 3212-3100 Delegacia de prote\u00e7\u00e3o ao Turista\u00a0\u2013 (48) 3665-5723 Informa\u00e7\u00f5es Tur\u00edsticas\u00a0\u2013 (48) 3240-4407<\/p>\n","protected":false},"author":1,"featured_media":0,"parent":0,"menu_order":0,"comment_status":"closed","ping_status":"closed","template":"","meta":{"footnotes":""},"acf":[],"_links":{"self":[{"href":"https:\/\/belafloripa.com.br\/index.php\/wp-json\/wp\/v2\/pages\/3363"}],"collection":[{"href":"https:\/\/belafloripa.com.br\/index.php\/wp-json\/wp\/v2\/pages"}],"about":[{"href":"https:\/\/belafloripa.com.br\/index.php\/wp-json\/wp\/v2\/types\/page"}],"author":[{"embeddable":true,"href":"https:\/\/belafloripa.com.br\/index.php\/wp-json\/wp\/v2\/users\/1"}],"replies":[{"embeddable":true,"href":"https:\/\/belafloripa.com.br\/index.php\/wp-json\/wp\/v2\/comments?post=3363"}],"version-history":[{"count":7,"href":"https:\/\/belafloripa.com.br\/index.php\/wp-json\/wp\/v2\/pages\/3363\/revisions"}],"predecessor-version":[{"id":3532,"href":"https:\/\/belafloripa.com.br\/index.php\/wp-json\/wp\/v2\/pages\/3363\/revisions\/3532"}],"wp:attachment":[{"href":"https:\/\/belafloripa.com.br\/index.php\/wp-json\/wp\/v2\/media?parent=3363"}],"curies":[{"name":"wp","href":"https:\/\/api.w.org\/{rel}","templated":true}]}}