{"id":5990,"date":"2025-01-30T18:58:10","date_gmt":"2025-01-30T21:58:10","guid":{"rendered":"https:\/\/belafloripa.com.br\/?page_id=5990"},"modified":"2025-02-01T17:24:25","modified_gmt":"2025-02-01T20:24:25","slug":"passeio-a-ilha-do-campeche","status":"publish","type":"page","link":"https:\/\/belafloripa.com.br\/index.php\/passeio-a-ilha-do-campeche\/","title":{"rendered":"Passeio \u00e0 Ilha do Campeche"},"content":{"rendered":"\t\t<div data-elementor-type=\"wp-page\" data-elementor-id=\"5990\" class=\"elementor elementor-5990\" data-elementor-post-type=\"page\">\n\t\t\t\t\t\t\t<div class=\"elementor-element elementor-element-008aa4b e-flex e-con-boxed e-con e-parent\" data-id=\"008aa4b\" data-element_type=\"container\" data-settings=\"{&quot;container_type&quot;:&quot;flex&quot;,&quot;content_width&quot;:&quot;boxed&quot;}\" data-core-v316-plus=\"true\">\n\t\t\t\t\t<div class=\"e-con-inner\">\n\t\t\t\t<div class=\"elementor-element elementor-element-4200313 elementor-widget elementor-widget-heading\" data-id=\"4200313\" data-element_type=\"widget\" data-widget_type=\"heading.default\">\n\t\t\t\t<div class=\"elementor-widget-container\">\n\t\t\t<style>\/*! elementor - v3.17.0 - 01-11-2023 *\/\n.elementor-heading-title{padding:0;margin:0;line-height:1}.elementor-widget-heading .elementor-heading-title[class*=elementor-size-]>a{color:inherit;font-size:inherit;line-height:inherit}.elementor-widget-heading .elementor-heading-title.elementor-size-small{font-size:15px}.elementor-widget-heading .elementor-heading-title.elementor-size-medium{font-size:19px}.elementor-widget-heading .elementor-heading-title.elementor-size-large{font-size:29px}.elementor-widget-heading .elementor-heading-title.elementor-size-xl{font-size:39px}.elementor-widget-heading .elementor-heading-title.elementor-size-xxl{font-size:59px}<\/style><h3 class=\"elementor-heading-title elementor-size-large\"><a href=\"https:\/\/belafloripa.com.br\/index.php\/passeio-a-ilha-do-campeche\/\">Quem vem a Florian\u00f3polis n\u00e3o pode deixar de visitar esta maravilha natural, conhecida como o \u201cCaribe Catarinense\u201d.\n<\/a><\/h3>\t\t<\/div>\n\t\t\t\t<\/div>\n\t\t\t\t<div class=\"elementor-element elementor-element-fe8e162 elementor-widget elementor-widget-text-editor\" data-id=\"fe8e162\" data-element_type=\"widget\" data-widget_type=\"text-editor.default\">\n\t\t\t\t<div class=\"elementor-widget-container\">\n\t\t\t<style>\/*! elementor - v3.17.0 - 01-11-2023 *\/\n.elementor-widget-text-editor.elementor-drop-cap-view-stacked .elementor-drop-cap{background-color:#69727d;color:#fff}.elementor-widget-text-editor.elementor-drop-cap-view-framed .elementor-drop-cap{color:#69727d;border:3px solid;background-color:transparent}.elementor-widget-text-editor:not(.elementor-drop-cap-view-default) .elementor-drop-cap{margin-top:8px}.elementor-widget-text-editor:not(.elementor-drop-cap-view-default) .elementor-drop-cap-letter{width:1em;height:1em}.elementor-widget-text-editor .elementor-drop-cap{float:left;text-align:center;line-height:1;font-size:50px}.elementor-widget-text-editor .elementor-drop-cap-letter{display:inline-block}<\/style>\t\t\t\t<div dir=\"auto\">Na costa oeste da ilha h\u00e1 uma linda praia de areia fina e branca com \u00e1guas cristalinas. Existem marcas de ocupa\u00e7\u00e3o bem antiga da ilha. Com mais de 100 gravuras rupestres, distribu\u00eddos em 10 s\u00edtios arqueol\u00f3gicos, nove esta\u00e7\u00f5es l\u00edticas, monumentos rochosos e sambaquis, a Ilha do Campeche foi tombada pelo Instituto do Patrim\u00f4nio Hist\u00f3rico e Art\u00edstico Nacional &#8211; Iphan como Patrim\u00f4nio Hist\u00f3rico e Ecol\u00f3gico da Na\u00e7\u00e3o.<\/div><div dir=\"auto\">\u00a0<\/div><div dir=\"auto\">Desde fevereiro de 1940, a Ilha est\u00e1 sob os cuidados da Associa\u00e7\u00e3o Couto de Magalh\u00e3es, uma entidade que atualmente trabalha pela preserva\u00e7\u00e3o do lugar.<\/div><div dir=\"auto\">.<\/div><div dir=\"auto\">\u00c9 expressamente proibido fazer trilhas sem os guias. Tamb\u00e9m \u00e9 proibido acampar, fazer fogueiras e levar ou pegar animais e plantas.<\/div><div dir=\"auto\">\u00a0<\/div><div dir=\"auto\">Devido \u00e0 alta procura e ao fato de a ilha ser tombada, s\u00f3 \u00e9 permitido o acesso de 800 pessoas por dia, e cada uma delas pode ficar no m\u00e1ximo 4 horas no local.<\/div><div dir=\"auto\">\u00a0<\/div><div dir=\"auto\">N\u00e3o se espante se encontrar Quatis, mam\u00edferos que geralmente andam em bando, em busca de alimentos. Muitos visitantes ignoram os avisos e tentam atrair os animais para tirar fotos, oferecendo comida. Evite fazer isto para n\u00e3o ocorrer nenhum problema.<\/div><div dir=\"auto\">\u00a0<\/div><div dir=\"auto\">H\u00e1 um modesto restaurante na ilha, por\u00e9m voc\u00ea pode levar seus lanches e bebidas no barco.<\/div><div dir=\"auto\">\u00a0<\/div><div dir=\"auto\">Como chegar: o ponto de sa\u00edda dos barcos para a Ilha do Campeche \u00e9 a partir da praia da Arma\u00e7\u00e3o (Trapiche da Ilha das Campanhas), o passeio dura aproximadamente meia hora. Tamb\u00e9m h\u00e1 embarca\u00e7\u00f5es que saem da praia do Campeche, em frente \u00e0 ilha e tamb\u00e9m h\u00e1 barcos que saem da Barra da Lagoa.<\/div><div dir=\"auto\">\u00a0<\/div><div dir=\"auto\">Informa\u00e7\u00f5es e reservas:\u00a0<a style=\"text-align: var(--text-align); background-color: #ffffff;\" href=\"https:\/\/api.whatsapp.com\/send\/?phone=5548984947565\" target=\"_blank\" rel=\"noopener\">CHAME NO WHATSAPP<\/a><\/div><div dir=\"auto\"><span style=\"text-align: var(--text-align);\">\u00a0<\/span><\/div>\t\t\t\t\t\t<\/div>\n\t\t\t\t<\/div>\n\t\t\t\t<div class=\"elementor-element elementor-element-09ab308 elementor-arrows-position-inside elementor-pagination-position-outside elementor-widget elementor-widget-image-carousel\" data-id=\"09ab308\" data-element_type=\"widget\" data-settings=\"{&quot;slides_to_show&quot;:&quot;3&quot;,&quot;image_spacing_custom&quot;:{&quot;unit&quot;:&quot;px&quot;,&quot;size&quot;:0,&quot;sizes&quot;:[]},&quot;navigation&quot;:&quot;both&quot;,&quot;autoplay&quot;:&quot;yes&quot;,&quot;pause_on_hover&quot;:&quot;yes&quot;,&quot;pause_on_interaction&quot;:&quot;yes&quot;,&quot;autoplay_speed&quot;:5000,&quot;infinite&quot;:&quot;yes&quot;,&quot;speed&quot;:500,&quot;image_spacing_custom_tablet&quot;:{&quot;unit&quot;:&quot;px&quot;,&quot;size&quot;:&quot;&quot;,&quot;sizes&quot;:[]},&quot;image_spacing_custom_mobile&quot;:{&quot;unit&quot;:&quot;px&quot;,&quot;size&quot;:&quot;&quot;,&quot;sizes&quot;:[]}}\" data-widget_type=\"image-carousel.default\">\n\t\t\t\t<div class=\"elementor-widget-container\">\n\t\t\t<style>\/*! elementor - v3.17.0 - 01-11-2023 *\/\n.elementor-widget-image-carousel .swiper,.elementor-widget-image-carousel .swiper-container{position:static}.elementor-widget-image-carousel .swiper-container .swiper-slide figure,.elementor-widget-image-carousel .swiper .swiper-slide figure{line-height:inherit}.elementor-widget-image-carousel .swiper-slide{text-align:center}.elementor-image-carousel-wrapper:not(.swiper-container-initialized):not(.swiper-initialized) .swiper-slide{max-width:calc(100% \/ var(--e-image-carousel-slides-to-show, 3))}<\/style>\t\t<div class=\"elementor-image-carousel-wrapper swiper\" dir=\"ltr\">\n\t\t\t<div class=\"elementor-image-carousel swiper-wrapper\" aria-live=\"off\">\n\t\t\t\t\t\t\t\t<div class=\"swiper-slide\" role=\"group\" aria-roledescription=\"slide\" aria-label=\"1 of 9\"><figure class=\"swiper-slide-inner\"><img decoding=\"async\" class=\"swiper-slide-image\" src=\"https:\/\/belafloripa.com.br\/wp-content\/uploads\/elementor\/thumbs\/lagomar1-r0sarcboprjq19an7d2dg2p7e8i3eb2ofo848t4b7c.png\" alt=\"lagomar1\" \/><\/figure><\/div><div class=\"swiper-slide\" role=\"group\" aria-roledescription=\"slide\" aria-label=\"2 of 9\"><figure class=\"swiper-slide-inner\"><img decoding=\"async\" class=\"swiper-slide-image\" src=\"https:\/\/belafloripa.com.br\/wp-content\/uploads\/elementor\/thumbs\/lagomar4-r0sare7d3fmaoh7wwdvml284l08ttpa53xj37d1iuw.png\" alt=\"lagomar4\" \/><\/figure><\/div><div class=\"swiper-slide\" role=\"group\" aria-roledescription=\"slide\" aria-label=\"3 of 9\"><figure class=\"swiper-slide-inner\"><img decoding=\"async\" class=\"swiper-slide-image\" src=\"https:\/\/belafloripa.com.br\/wp-content\/uploads\/elementor\/thumbs\/lagomar2-r0sart8s4s6vu8m2gkdnoyfi366p8uxuhzyuvsf83c.png\" alt=\"lagomar2\" \/><\/figure><\/div><div class=\"swiper-slide\" role=\"group\" aria-roledescription=\"slide\" aria-label=\"4 of 9\"><figure class=\"swiper-slide-inner\"><img decoding=\"async\" class=\"swiper-slide-image\" src=\"https:\/\/belafloripa.com.br\/wp-content\/uploads\/elementor\/thumbs\/lagomar3-r0saru6mbm865ukpb2sa9g6yok22gk1ku4mcd2dtx4.png\" alt=\"lagomar3\" \/><\/figure><\/div><div class=\"swiper-slide\" role=\"group\" aria-roledescription=\"slide\" aria-label=\"5 of 9\"><figure class=\"swiper-slide-inner\"><img decoding=\"async\" class=\"swiper-slide-image\" src=\"https:\/\/belafloripa.com.br\/wp-content\/uploads\/elementor\/thumbs\/lagomar5-r0sas8a764rh00080qvosumvlc4ko0ljw2emk7sxbs.png\" alt=\"lagomar5\" \/><\/figure><\/div><div class=\"swiper-slide\" role=\"group\" aria-roledescription=\"slide\" aria-label=\"6 of 9\"><figure class=\"swiper-slide-inner\"><img decoding=\"async\" class=\"swiper-slide-image\" src=\"https:\/\/belafloripa.com.br\/wp-content\/uploads\/elementor\/thumbs\/lagomar6-r0sas981cysrblyuv9abdcec6pzxvppa87241hrj5k.png\" alt=\"lagomar6\" \/><\/figure><\/div><div class=\"swiper-slide\" role=\"group\" aria-roledescription=\"slide\" aria-label=\"7 of 9\"><figure class=\"swiper-slide-inner\"><img decoding=\"async\" class=\"swiper-slide-image\" src=\"https:\/\/belafloripa.com.br\/wp-content\/uploads\/elementor\/thumbs\/lagomar7-r0sasb3pqmvbytw4ka3kibx9dhqob3wqwgd301oqt4.png\" alt=\"lagomar7\" \/><\/figure><\/div><div class=\"swiper-slide\" role=\"group\" aria-roledescription=\"slide\" aria-label=\"8 of 9\"><figure class=\"swiper-slide-inner\"><img decoding=\"async\" class=\"swiper-slide-image\" src=\"https:\/\/belafloripa.com.br\/wp-content\/uploads\/elementor\/thumbs\/lagomar8-r0sascze4axwm1te9awtnbg6k9heqi47kpo1yllygo.png\" alt=\"lagomar8\" \/><\/figure><\/div><div class=\"swiper-slide\" role=\"group\" aria-roledescription=\"slide\" aria-label=\"9 of 9\"><figure class=\"swiper-slide-inner\"><img decoding=\"async\" class=\"swiper-slide-image\" src=\"https:\/\/belafloripa.com.br\/wp-content\/uploads\/elementor\/thumbs\/lagomar9-r0sasev2hz0h99qnybq2saz3r1855wbo8yz0x5j648.png\" alt=\"lagomar9\" \/><\/figure><\/div>\t\t\t<\/div>\n\t\t\t\t\t\t\t\t\t\t\t\t<div class=\"elementor-swiper-button elementor-swiper-button-prev\" role=\"button\" tabindex=\"0\">\n\t\t\t\t\t\t<i aria-hidden=\"true\" class=\"eicon-chevron-left\"><\/i>\t\t\t\t\t<\/div>\n\t\t\t\t\t<div class=\"elementor-swiper-button elementor-swiper-button-next\" role=\"button\" tabindex=\"0\">\n\t\t\t\t\t\t<i aria-hidden=\"true\" class=\"eicon-chevron-right\"><\/i>\t\t\t\t\t<\/div>\n\t\t\t\t\n\t\t\t\t\t\t\t\t\t<div class=\"swiper-pagination\"><\/div>\n\t\t\t\t\t\t\t\t\t<\/div>\n\t\t\t\t<\/div>\n\t\t\t\t<\/div>\n\t\t\t\t<div class=\"elementor-element elementor-element-020265d elementor-widget elementor-widget-heading\" data-id=\"020265d\" data-element_type=\"widget\" data-widget_type=\"heading.default\">\n\t\t\t\t<div class=\"elementor-widget-container\">\n\t\t\t<h2 class=\"elementor-heading-title elementor-size-default\">Como chegar<\/h2>\t\t<\/div>\n\t\t\t\t<\/div>\n\t\t\t\t<div class=\"elementor-element elementor-element-6a06596 elementor-widget elementor-widget-google_maps\" data-id=\"6a06596\" data-element_type=\"widget\" data-widget_type=\"google_maps.default\">\n\t\t\t\t<div class=\"elementor-widget-container\">\n\t\t\t<style>\/*! elementor - v3.17.0 - 01-11-2023 *\/\n.elementor-widget-google_maps .elementor-widget-container{overflow:hidden}.elementor-widget-google_maps .elementor-custom-embed{line-height:0}.elementor-widget-google_maps iframe{height:300px}<\/style>\t\t<div class=\"elementor-custom-embed\">\n\t\t\t<iframe loading=\"lazy\"\n\t\t\t\t\tsrc=\"https:\/\/maps.google.com\/maps?q=Praia%20da%20Barra%20da%20Lagoa&#038;t=m&#038;z=10&#038;output=embed&#038;iwloc=near\"\n\t\t\t\t\ttitle=\"Praia da Barra da Lagoa\"\n\t\t\t\t\taria-label=\"Praia da Barra da Lagoa\"\n\t\t\t><\/iframe>\n\t\t<\/div>\n\t\t\t\t<\/div>\n\t\t\t\t<\/div>\n\t\t\t\t\t<\/div>\n\t\t\t\t<\/div>\n\t\t\t\t\t\t\t<\/div>\n\t\t","protected":false},"excerpt":{"rendered":"<p>Quem vem a Florian\u00f3polis n\u00e3o pode deixar de visitar esta maravilha natural, conhecida como o \u201cCaribe Catarinense\u201d. Na costa oeste da ilha h\u00e1 uma linda praia de areia fina e branca com \u00e1guas cristalinas. Existem marcas de ocupa\u00e7\u00e3o bem antiga da ilha. Com mais de 100 gravuras rupestres, distribu\u00eddos em 10 s\u00edtios arqueol\u00f3gicos, nove esta\u00e7\u00f5es [&hellip;]<\/p>\n","protected":false},"author":3,"featured_media":0,"parent":0,"menu_order":0,"comment_status":"closed","ping_status":"closed","template":"","meta":{"footnotes":""},"acf":[],"_links":{"self":[{"href":"https:\/\/belafloripa.com.br\/index.php\/wp-json\/wp\/v2\/pages\/5990"}],"collection":[{"href":"https:\/\/belafloripa.com.br\/index.php\/wp-json\/wp\/v2\/pages"}],"about":[{"href":"https:\/\/belafloripa.com.br\/index.php\/wp-json\/wp\/v2\/types\/page"}],"author":[{"embeddable":true,"href":"https:\/\/belafloripa.com.br\/index.php\/wp-json\/wp\/v2\/users\/3"}],"replies":[{"embeddable":true,"href":"https:\/\/belafloripa.com.br\/index.php\/wp-json\/wp\/v2\/comments?post=5990"}],"version-history":[{"count":34,"href":"https:\/\/belafloripa.com.br\/index.php\/wp-json\/wp\/v2\/pages\/5990\/revisions"}],"predecessor-version":[{"id":6081,"href":"https:\/\/belafloripa.com.br\/index.php\/wp-json\/wp\/v2\/pages\/5990\/revisions\/6081"}],"wp:attachment":[{"href":"https:\/\/belafloripa.com.br\/index.php\/wp-json\/wp\/v2\/media?parent=5990"}],"curies":[{"name":"wp","href":"https:\/\/api.w.org\/{rel}","templated":true}]}}