{"id":6117,"date":"2025-02-03T18:40:53","date_gmt":"2025-02-03T21:40:53","guid":{"rendered":"https:\/\/belafloripa.com.br\/?page_id=6117"},"modified":"2025-02-03T19:08:45","modified_gmt":"2025-02-03T22:08:45","slug":"passeio-de-buggy","status":"publish","type":"page","link":"https:\/\/belafloripa.com.br\/index.php\/passeio-de-buggy\/","title":{"rendered":"Passeio de Buggy"},"content":{"rendered":"\t\t<div data-elementor-type=\"wp-page\" data-elementor-id=\"6117\" class=\"elementor elementor-6117\" data-elementor-post-type=\"page\">\n\t\t\t\t\t\t\t<div class=\"elementor-element elementor-element-008aa4b e-flex e-con-boxed e-con e-parent\" data-id=\"008aa4b\" data-element_type=\"container\" data-settings=\"{&quot;container_type&quot;:&quot;flex&quot;,&quot;content_width&quot;:&quot;boxed&quot;}\" data-core-v316-plus=\"true\">\n\t\t\t\t\t<div class=\"e-con-inner\">\n\t\t\t\t<div class=\"elementor-element elementor-element-4200313 elementor-widget elementor-widget-heading\" data-id=\"4200313\" data-element_type=\"widget\" data-widget_type=\"heading.default\">\n\t\t\t\t<div class=\"elementor-widget-container\">\n\t\t\t<style>\/*! elementor - v3.17.0 - 01-11-2023 *\/\n.elementor-heading-title{padding:0;margin:0;line-height:1}.elementor-widget-heading .elementor-heading-title[class*=elementor-size-]>a{color:inherit;font-size:inherit;line-height:inherit}.elementor-widget-heading .elementor-heading-title.elementor-size-small{font-size:15px}.elementor-widget-heading .elementor-heading-title.elementor-size-medium{font-size:19px}.elementor-widget-heading .elementor-heading-title.elementor-size-large{font-size:29px}.elementor-widget-heading .elementor-heading-title.elementor-size-xl{font-size:39px}.elementor-widget-heading .elementor-heading-title.elementor-size-xxl{font-size:59px}<\/style><h3 class=\"elementor-heading-title elementor-size-large\"><a href=\"https:\/\/belafloripa.com.br\/index.php\/passeio-de-buggy\">Passeio de Buggy pelas mais belas praias da Ilha com muito Amor e Emo\u00e7\u00e3o!<\/a><\/h3>\t\t<\/div>\n\t\t\t\t<\/div>\n\t\t\t\t<div class=\"elementor-element elementor-element-fe8e162 elementor-widget elementor-widget-text-editor\" data-id=\"fe8e162\" data-element_type=\"widget\" data-widget_type=\"text-editor.default\">\n\t\t\t\t<div class=\"elementor-widget-container\">\n\t\t\t<style>\/*! elementor - v3.17.0 - 01-11-2023 *\/\n.elementor-widget-text-editor.elementor-drop-cap-view-stacked .elementor-drop-cap{background-color:#69727d;color:#fff}.elementor-widget-text-editor.elementor-drop-cap-view-framed .elementor-drop-cap{color:#69727d;border:3px solid;background-color:transparent}.elementor-widget-text-editor:not(.elementor-drop-cap-view-default) .elementor-drop-cap{margin-top:8px}.elementor-widget-text-editor:not(.elementor-drop-cap-view-default) .elementor-drop-cap-letter{width:1em;height:1em}.elementor-widget-text-editor .elementor-drop-cap{float:left;text-align:center;line-height:1;font-size:50px}.elementor-widget-text-editor .elementor-drop-cap-letter{display:inline-block}<\/style>\t\t\t\t<p>Este maravilhoso passeio, passa por todas as regi\u00f5es da Ilha:<\/p><p>Leste da Ilha<\/p><p>Sul da Ilha<\/p><p>Norte da Ilha<\/p><p>Centro<\/p><p>O passeio de buggy \u00e9 com motorista, para mostrar todas as belezas que Florian\u00f3polis reserva aos seus visitantes.<\/p><p>Num dos roteiros escolhido, que leva 3:00h, d\u00e1 tempo para descobrir o m\u00e1ximo poss\u00edvel da Ilha, e visitar algumas das tantas belas praias existentes por aqui.<\/p><p>A rota depende do tempo.<\/p><p>Obs: Local de partida sob consulta. Roteiro pode ser alterado por causa do tempo.<\/p><p>Os roteiros podem ser montados de acordo com a necessidade do cliente e atender em outros munic\u00edpios (o ve\u00edculo n\u00e3o pode andar na praia e dunas).<\/p><p>Obs: O passeio \u00e9 proibido para crian\u00e7as menores de 6 anos.<\/p><p>Informa\u00e7\u00f5es e reservas: <a href=\"https:\/\/api.whatsapp.com\/send\/?phone=5548991513540\">CHAME NO WHATSAPP<\/a><\/p><p><strong>Obs<\/strong>.: Aqui voc\u00ea tem um <strong>DESCONTO EXCLUSIVO<\/strong> (<strong>BELA5<\/strong>) de 5% no passeio.<\/p>\t\t\t\t\t\t<\/div>\n\t\t\t\t<\/div>\n\t\t\t\t<div class=\"elementor-element elementor-element-09ab308 elementor-arrows-position-inside elementor-pagination-position-outside elementor-widget elementor-widget-image-carousel\" data-id=\"09ab308\" data-element_type=\"widget\" data-settings=\"{&quot;slides_to_show&quot;:&quot;3&quot;,&quot;image_spacing_custom&quot;:{&quot;unit&quot;:&quot;px&quot;,&quot;size&quot;:0,&quot;sizes&quot;:[]},&quot;navigation&quot;:&quot;both&quot;,&quot;autoplay&quot;:&quot;yes&quot;,&quot;pause_on_hover&quot;:&quot;yes&quot;,&quot;pause_on_interaction&quot;:&quot;yes&quot;,&quot;autoplay_speed&quot;:5000,&quot;infinite&quot;:&quot;yes&quot;,&quot;speed&quot;:500,&quot;image_spacing_custom_tablet&quot;:{&quot;unit&quot;:&quot;px&quot;,&quot;size&quot;:&quot;&quot;,&quot;sizes&quot;:[]},&quot;image_spacing_custom_mobile&quot;:{&quot;unit&quot;:&quot;px&quot;,&quot;size&quot;:&quot;&quot;,&quot;sizes&quot;:[]}}\" data-widget_type=\"image-carousel.default\">\n\t\t\t\t<div class=\"elementor-widget-container\">\n\t\t\t<style>\/*! elementor - v3.17.0 - 01-11-2023 *\/\n.elementor-widget-image-carousel .swiper,.elementor-widget-image-carousel .swiper-container{position:static}.elementor-widget-image-carousel .swiper-container .swiper-slide figure,.elementor-widget-image-carousel .swiper .swiper-slide figure{line-height:inherit}.elementor-widget-image-carousel .swiper-slide{text-align:center}.elementor-image-carousel-wrapper:not(.swiper-container-initialized):not(.swiper-initialized) .swiper-slide{max-width:calc(100% \/ var(--e-image-carousel-slides-to-show, 3))}<\/style>\t\t<div class=\"elementor-image-carousel-wrapper swiper\" dir=\"ltr\">\n\t\t\t<div class=\"elementor-image-carousel swiper-wrapper\" aria-live=\"off\">\n\t\t\t\t\t\t\t\t<div class=\"swiper-slide\" role=\"group\" aria-roledescription=\"slide\" aria-label=\"1 of 10\"><figure class=\"swiper-slide-inner\"><img decoding=\"async\" class=\"swiper-slide-image\" src=\"https:\/\/belafloripa.com.br\/wp-content\/uploads\/elementor\/thumbs\/floripa-buggy2-1-r0zb9yw1drxi4knibu3yx34qphykcq8dm3j616cud4.png\" alt=\"floripa buggy2\" \/><\/figure><\/div><div class=\"swiper-slide\" role=\"group\" aria-roledescription=\"slide\" aria-label=\"2 of 10\"><figure class=\"swiper-slide-inner\"><img decoding=\"async\" class=\"swiper-slide-image\" src=\"https:\/\/belafloripa.com.br\/wp-content\/uploads\/elementor\/thumbs\/floripa-buggy1-1-r0zbb2d9ctfjo725xb6att63nojzc0l3rixk6sqb3s.png\" alt=\"floripa buggy1\" \/><\/figure><\/div><div class=\"swiper-slide\" role=\"group\" aria-roledescription=\"slide\" aria-label=\"3 of 10\"><figure class=\"swiper-slide-inner\"><img decoding=\"async\" class=\"swiper-slide-image\" src=\"https:\/\/belafloripa.com.br\/wp-content\/uploads\/elementor\/thumbs\/floripa-buggy3-1-r0zbcy1n0w06w4buy4fftc3affaeq81s0twiqpxyns.png\" alt=\"floripa buggy3\" \/><\/figure><\/div><div class=\"swiper-slide\" role=\"group\" aria-roledescription=\"slide\" aria-label=\"4 of 10\"><figure class=\"swiper-slide-inner\"><img decoding=\"async\" class=\"swiper-slide-image\" src=\"https:\/\/belafloripa.com.br\/wp-content\/uploads\/elementor\/thumbs\/floripa-buggy4-1-r0zbcyzh7q1h7qahsmu2dtur0t5rxx5icyk07zwkhk.png\" alt=\"floripa buggy4\" \/><\/figure><\/div><div class=\"swiper-slide\" role=\"group\" aria-roledescription=\"slide\" aria-label=\"5 of 10\"><figure class=\"swiper-slide-inner\"><img decoding=\"async\" class=\"swiper-slide-image\" src=\"https:\/\/belafloripa.com.br\/wp-content\/uploads\/elementor\/thumbs\/floripa-buggy5-1-r0zbczxbek2rjc94n58oybm7m7155m98p37hp9v6bc.png\" alt=\"floripa buggy5\" \/><\/figure><\/div><div class=\"swiper-slide\" role=\"group\" aria-roledescription=\"slide\" aria-label=\"6 of 10\"><figure class=\"swiper-slide-inner\"><img decoding=\"async\" class=\"swiper-slide-image\" src=\"https:\/\/belafloripa.com.br\/wp-content\/uploads\/elementor\/thumbs\/floripa-buggy6-1-r0zbd0v5le41uy7rhnnbitdo7kwidbcz17uz6jts54.png\" alt=\"floripa buggy6\" \/><\/figure><\/div><div class=\"swiper-slide\" role=\"group\" aria-roledescription=\"slide\" aria-label=\"7 of 10\"><figure class=\"swiper-slide-inner\"><img decoding=\"async\" class=\"swiper-slide-image\" src=\"https:\/\/belafloripa.com.br\/wp-content\/uploads\/elementor\/thumbs\/floripa-buggy7-1-r0zbd1szs85c6k6ec61y3b54syrvl0gpdcigntsdyw.png\" alt=\"floripa buggy7\" \/><\/figure><\/div><div class=\"swiper-slide\" role=\"group\" aria-roledescription=\"slide\" aria-label=\"8 of 10\"><figure class=\"swiper-slide-inner\"><img decoding=\"async\" class=\"swiper-slide-image\" src=\"https:\/\/belafloripa.com.br\/wp-content\/uploads\/elementor\/thumbs\/floripa-buggy8-1-r0zbd1szs85c6k6ec61y3b54syrvl0gpdcigntsdyw.png\" alt=\"floripa buggy8\" \/><\/figure><\/div><div class=\"swiper-slide\" role=\"group\" aria-roledescription=\"slide\" aria-label=\"9 of 10\"><figure class=\"swiper-slide-inner\"><img decoding=\"async\" class=\"swiper-slide-image\" src=\"https:\/\/belafloripa.com.br\/wp-content\/uploads\/elementor\/thumbs\/floripa-buggy9-1-r0zbd2qtz26mi6516ogknswlecn8spkfph5y53qzso.png\" alt=\"floripa buggy9\" \/><\/figure><\/div><div class=\"swiper-slide\" role=\"group\" aria-roledescription=\"slide\" aria-label=\"10 of 10\"><figure class=\"swiper-slide-inner\"><img decoding=\"async\" class=\"swiper-slide-image\" src=\"https:\/\/belafloripa.com.br\/wp-content\/uploads\/elementor\/thumbs\/floripa-buggy10-1-r0zbd3oo5w7wts3o16v78ao1zqim0eo61ltfmdplmg.png\" alt=\"floripa buggy10\" \/><\/figure><\/div>\t\t\t<\/div>\n\t\t\t\t\t\t\t\t\t\t\t\t<div class=\"elementor-swiper-button elementor-swiper-button-prev\" role=\"button\" tabindex=\"0\">\n\t\t\t\t\t\t<i aria-hidden=\"true\" class=\"eicon-chevron-left\"><\/i>\t\t\t\t\t<\/div>\n\t\t\t\t\t<div class=\"elementor-swiper-button elementor-swiper-button-next\" role=\"button\" tabindex=\"0\">\n\t\t\t\t\t\t<i aria-hidden=\"true\" class=\"eicon-chevron-right\"><\/i>\t\t\t\t\t<\/div>\n\t\t\t\t\n\t\t\t\t\t\t\t\t\t<div class=\"swiper-pagination\"><\/div>\n\t\t\t\t\t\t\t\t\t<\/div>\n\t\t\t\t<\/div>\n\t\t\t\t<\/div>\n\t\t\t\t<div class=\"elementor-element elementor-element-020265d elementor-widget elementor-widget-heading\" data-id=\"020265d\" data-element_type=\"widget\" data-widget_type=\"heading.default\">\n\t\t\t\t<div class=\"elementor-widget-container\">\n\t\t\t<h2 class=\"elementor-heading-title elementor-size-default\">Como chegar<\/h2>\t\t<\/div>\n\t\t\t\t<\/div>\n\t\t\t\t<div class=\"elementor-element elementor-element-6a06596 elementor-widget elementor-widget-google_maps\" data-id=\"6a06596\" data-element_type=\"widget\" data-widget_type=\"google_maps.default\">\n\t\t\t\t<div class=\"elementor-widget-container\">\n\t\t\t<style>\/*! elementor - v3.17.0 - 01-11-2023 *\/\n.elementor-widget-google_maps .elementor-widget-container{overflow:hidden}.elementor-widget-google_maps .elementor-custom-embed{line-height:0}.elementor-widget-google_maps iframe{height:300px}<\/style>\t\t<div class=\"elementor-custom-embed\">\n\t\t\t<iframe loading=\"lazy\"\n\t\t\t\t\tsrc=\"https:\/\/maps.google.com\/maps?q=Floeian%C3%B3plis&#038;t=m&#038;z=10&#038;output=embed&#038;iwloc=near\"\n\t\t\t\t\ttitle=\"Floeian\u00f3plis\"\n\t\t\t\t\taria-label=\"Floeian\u00f3plis\"\n\t\t\t><\/iframe>\n\t\t<\/div>\n\t\t\t\t<\/div>\n\t\t\t\t<\/div>\n\t\t\t\t\t<\/div>\n\t\t\t\t<\/div>\n\t\t\t\t\t\t\t<\/div>\n\t\t","protected":false},"excerpt":{"rendered":"<p>Passeio de Buggy pelas mais belas praias da Ilha com muito Amor e Emo\u00e7\u00e3o! Este maravilhoso passeio, passa por todas as regi\u00f5es da Ilha: Leste da Ilha Sul da Ilha Norte da Ilha Centro O passeio de buggy \u00e9 com motorista, para mostrar todas as belezas que Florian\u00f3polis reserva aos seus visitantes. Num dos roteiros [&hellip;]<\/p>\n","protected":false},"author":3,"featured_media":0,"parent":0,"menu_order":0,"comment_status":"closed","ping_status":"closed","template":"","meta":{"footnotes":""},"acf":[],"_links":{"self":[{"href":"https:\/\/belafloripa.com.br\/index.php\/wp-json\/wp\/v2\/pages\/6117"}],"collection":[{"href":"https:\/\/belafloripa.com.br\/index.php\/wp-json\/wp\/v2\/pages"}],"about":[{"href":"https:\/\/belafloripa.com.br\/index.php\/wp-json\/wp\/v2\/types\/page"}],"author":[{"embeddable":true,"href":"https:\/\/belafloripa.com.br\/index.php\/wp-json\/wp\/v2\/users\/3"}],"replies":[{"embeddable":true,"href":"https:\/\/belafloripa.com.br\/index.php\/wp-json\/wp\/v2\/comments?post=6117"}],"version-history":[{"count":16,"href":"https:\/\/belafloripa.com.br\/index.php\/wp-json\/wp\/v2\/pages\/6117\/revisions"}],"predecessor-version":[{"id":6155,"href":"https:\/\/belafloripa.com.br\/index.php\/wp-json\/wp\/v2\/pages\/6117\/revisions\/6155"}],"wp:attachment":[{"href":"https:\/\/belafloripa.com.br\/index.php\/wp-json\/wp\/v2\/media?parent=6117"}],"curies":[{"name":"wp","href":"https:\/\/api.w.org\/{rel}","templated":true}]}}